{"id":7,"date":"2019-01-30T17:01:22","date_gmt":"2019-01-30T16:01:22","guid":{"rendered":"https:\/\/master-astrophysique.univ-lyon1.fr\/?page_id=7"},"modified":"2022-04-20T10:56:13","modified_gmt":"2022-04-20T08:56:13","slug":"accueil","status":"publish","type":"page","link":"https:\/\/master-astrophysique.univ-lyon1.fr\/","title":{"rendered":"Accueil"},"content":{"rendered":"\n<p>Notre master propose une formation compl\u00e8te et innovante en astrophysique, sous la forme d&rsquo;un parcours commun au <a rel=\"noreferrer noopener\" aria-label=\" (ouverture dans un nouvel onglet)\" href=\"http:\/\/master-physique.univ-lyon1.fr\" target=\"_blank\">Master Physique Fondamentale et Applications<\/a> de l&rsquo;<a rel=\"noreferrer noopener\" aria-label=\" (ouverture dans un nouvel onglet)\" href=\"https:\/\/www.univ-lyon1.fr\" target=\"_blank\">Universit\u00e9 Claude Bernard Lyon 1<\/a> et au <a rel=\"noreferrer noopener\" aria-label=\" (ouverture dans un nouvel onglet)\" href=\"https:\/\/master-physique.edu.umontpellier.fr\" target=\"_blank\">Master Physique Fondamentale et Applications<\/a> de l&rsquo;<a rel=\"noreferrer noopener\" aria-label=\" (ouverture dans un nouvel onglet)\" href=\"https:\/\/www.umontpellier.fr\" target=\"_blank\">Universit\u00e9 de Montpellier<\/a>. La premi\u00e8re ann\u00e9e est propre \u00e0 chaque master et dispense des connaissances avanc\u00e9es en physique fondamentale ainsi qu&rsquo;un d\u00e9but de sp\u00e9cialisation en astrophysique. La deuxi\u00e8me ann\u00e9e est commune aux deux sites et est enti\u00e8rement d\u00e9di\u00e9e \u00e0 l&rsquo;astrophysique. Son contenu couvre largement les aspects th\u00e9oriques et observationnels de l\u2019astrophysique moderne, abordant \u00e9galement l&rsquo;instrumentation et les simulations num\u00e9riques.<\/p>\n\n\n\n<h2 class=\"wp-block-heading\">Comp\u00e9tences acquises et d\u00e9bouch\u00e9s<\/h2>\n\n\n\n<p>\u00c0 l&rsquo;issue du master, les \u00e9tudiants auront acquis des comp\u00e9tences th\u00e9oriques et pratiques dans le domaine de l&rsquo;astrophysique, pr\u00e9parant principalement \u00e0 une poursuite en doctorat.\u00a0Il est \u00e9galement possible d&rsquo;int\u00e9grer le monde de l&rsquo;entreprise au niveau bac+5.<\/p>\n\n\n\n<div class=\"wp-block-image\"><figure class=\"aligncenter\"><img loading=\"lazy\" decoding=\"async\" width=\"1000\" height=\"120\" src=\"https:\/\/master-astrophysique.univ-lyon1.fr\/wp-content\/uploads\/2019\/02\/UCBL-UM.png\" alt=\"\" class=\"wp-image-289\" srcset=\"https:\/\/master-astrophysique.univ-lyon1.fr\/wp-content\/uploads\/2019\/02\/UCBL-UM.png 1000w, https:\/\/master-astrophysique.univ-lyon1.fr\/wp-content\/uploads\/2019\/02\/UCBL-UM-300x36.png 300w, https:\/\/master-astrophysique.univ-lyon1.fr\/wp-content\/uploads\/2019\/02\/UCBL-UM-768x92.png 768w\" sizes=\"auto, (max-width: 706px) 89vw, (max-width: 767px) 82vw, 740px\" \/><\/figure><\/div>\n","protected":false},"excerpt":{"rendered":"<p>Notre master propose une formation compl\u00e8te et innovante en astrophysique, sous la forme d&rsquo;un parcours commun au Master Physique Fondamentale et Applications de l&rsquo;Universit\u00e9 Claude Bernard Lyon 1 et au Master Physique Fondamentale et Applications de l&rsquo;Universit\u00e9 de Montpellier. La premi\u00e8re ann\u00e9e est propre \u00e0 chaque master et dispense des connaissances avanc\u00e9es en physique fondamentale &hellip; <\/p>\n<p class=\"link-more\"><a href=\"https:\/\/master-astrophysique.univ-lyon1.fr\/\" class=\"more-link\">Continuer la lecture<span class=\"screen-reader-text\"> de &laquo;&nbsp;Accueil&nbsp;&raquo;<\/span><\/a><\/p>\n","protected":false},"author":1,"featured_media":0,"parent":0,"menu_order":0,"comment_status":"closed","ping_status":"open","template":"","meta":{"footnotes":""},"class_list":["post-7","page","type-page","status-publish","hentry"],"_links":{"self":[{"href":"https:\/\/master-astrophysique.univ-lyon1.fr\/index.php\/wp-json\/wp\/v2\/pages\/7","targetHints":{"allow":["GET"]}}],"collection":[{"href":"https:\/\/master-astrophysique.univ-lyon1.fr\/index.php\/wp-json\/wp\/v2\/pages"}],"about":[{"href":"https:\/\/master-astrophysique.univ-lyon1.fr\/index.php\/wp-json\/wp\/v2\/types\/page"}],"author":[{"embeddable":true,"href":"https:\/\/master-astrophysique.univ-lyon1.fr\/index.php\/wp-json\/wp\/v2\/users\/1"}],"replies":[{"embeddable":true,"href":"https:\/\/master-astrophysique.univ-lyon1.fr\/index.php\/wp-json\/wp\/v2\/comments?post=7"}],"version-history":[{"count":32,"href":"https:\/\/master-astrophysique.univ-lyon1.fr\/index.php\/wp-json\/wp\/v2\/pages\/7\/revisions"}],"predecessor-version":[{"id":662,"href":"https:\/\/master-astrophysique.univ-lyon1.fr\/index.php\/wp-json\/wp\/v2\/pages\/7\/revisions\/662"}],"wp:attachment":[{"href":"https:\/\/master-astrophysique.univ-lyon1.fr\/index.php\/wp-json\/wp\/v2\/media?parent=7"}],"curies":[{"name":"wp","href":"https:\/\/api.w.org\/{rel}","templated":true}]}}