{"id":653,"date":"2021-12-28T15:57:47","date_gmt":"2021-12-28T14:57:47","guid":{"rendered":"https:\/\/master-astrophysique.univ-lyon1.fr\/?page_id=653"},"modified":"2021-12-28T15:57:47","modified_gmt":"2021-12-28T14:57:47","slug":"research-internship","status":"publish","type":"page","link":"https:\/\/master-astrophysique.univ-lyon1.fr\/index.php\/en\/research-internship\/","title":{"rendered":"Research internship"},"content":{"rendered":"\n<p>4 months of internship, 21 ECTS<\/p>\n\n\n\n<p><strong>Heads:<\/strong> <a href=\"mailto:jean-francois.gonzalez@ens-lyon.fr\">Jean-Fran\u00e7ois Gonzalez<\/a> (Universit\u00e9 Claude Bernard Lyon 1) and <a href=\"mailto:bertrand.plez@umontpellier.fr\">Bertrand Plez<\/a> (Universit\u00e9 de Montpellier)<\/p>\n\n\n\n<p>4-month internship in a laboratory aiming to an immersion in the research world and the preparation to a thesis. This internship can take place in a research laboratory in France or abroad.<\/p>\n\n\n\n<p><strong>Goals:<\/strong><\/p>\n\n\n\n<ul class=\"wp-block-list\"><li>Put knowledge into practice in order to solve a questioning linked to research in astrophysics <\/li><li>Immersion in the research world<\/li><li>Team work<\/li><li>Development of writing skills<\/li><li>Development of oral presentation skills<\/li><\/ul>\n","protected":false},"excerpt":{"rendered":"<p>4 months of internship, 21 ECTS Heads: Jean-Fran\u00e7ois Gonzalez (Universit\u00e9 Claude Bernard Lyon 1) and Bertrand Plez (Universit\u00e9 de Montpellier) 4-month internship in a laboratory aiming to an immersion in the research world and the preparation to a thesis. This internship can take place in a research laboratory in France or abroad. Goals: Put knowledge &hellip; <\/p>\n<p class=\"link-more\"><a href=\"https:\/\/master-astrophysique.univ-lyon1.fr\/index.php\/en\/research-internship\/\" class=\"more-link\">Continuer la lecture<span class=\"screen-reader-text\"> de &laquo;&nbsp;Research internship&nbsp;&raquo;<\/span><\/a><\/p>\n","protected":false},"author":1,"featured_media":0,"parent":0,"menu_order":0,"comment_status":"closed","ping_status":"closed","template":"","meta":{"footnotes":""},"class_list":["post-653","page","type-page","status-publish","hentry"],"_links":{"self":[{"href":"https:\/\/master-astrophysique.univ-lyon1.fr\/index.php\/wp-json\/wp\/v2\/pages\/653","targetHints":{"allow":["GET"]}}],"collection":[{"href":"https:\/\/master-astrophysique.univ-lyon1.fr\/index.php\/wp-json\/wp\/v2\/pages"}],"about":[{"href":"https:\/\/master-astrophysique.univ-lyon1.fr\/index.php\/wp-json\/wp\/v2\/types\/page"}],"author":[{"embeddable":true,"href":"https:\/\/master-astrophysique.univ-lyon1.fr\/index.php\/wp-json\/wp\/v2\/users\/1"}],"replies":[{"embeddable":true,"href":"https:\/\/master-astrophysique.univ-lyon1.fr\/index.php\/wp-json\/wp\/v2\/comments?post=653"}],"version-history":[{"count":1,"href":"https:\/\/master-astrophysique.univ-lyon1.fr\/index.php\/wp-json\/wp\/v2\/pages\/653\/revisions"}],"predecessor-version":[{"id":654,"href":"https:\/\/master-astrophysique.univ-lyon1.fr\/index.php\/wp-json\/wp\/v2\/pages\/653\/revisions\/654"}],"wp:attachment":[{"href":"https:\/\/master-astrophysique.univ-lyon1.fr\/index.php\/wp-json\/wp\/v2\/media?parent=653"}],"curies":[{"name":"wp","href":"https:\/\/api.w.org\/{rel}","templated":true}]}}