{"id":6,"date":"2019-01-30T17:01:22","date_gmt":"2019-01-30T16:01:22","guid":{"rendered":"https:\/\/master-astrophysique.univ-lyon1.fr\/?page_id=6"},"modified":"2021-09-08T23:14:37","modified_gmt":"2021-09-08T21:14:37","slug":"conditions-dadmission","status":"publish","type":"page","link":"https:\/\/master-astrophysique.univ-lyon1.fr\/index.php\/conditions-dadmission\/","title":{"rendered":"Conditions d&rsquo;admission"},"content":{"rendered":"\n<h2 class=\"wp-block-heading\">Public concern\u00e9 et conditions d&rsquo;acc\u00e8s<\/h2>\n\n\n\n<p>Le Master Astrophysique est accessible \u00e0 tous les \u00e9tudiants titulaires d\u2019une Licence de Sciences et Technologies. L\u2019autorisation d\u2019acc\u00e8s est donn\u00e9e par la commission p\u00e9dagogique du master, qui v\u00e9rifie que les \u00e9tudiants poss\u00e8dent une formation ad\u00e9quate en physique. Les \u00e9tudiants titulaires d\u2019un dipl\u00f4me \u00e9quivalent pourront \u00eatre admis en master 1<sup>\u00e8re<\/sup>&nbsp;ou 2<sup>\u00e8me<\/sup>&nbsp;ann\u00e9e apr\u00e8s accord de la commission p\u00e9dagogique.&nbsp;<\/p>\n\n\n\n<p>Pour les \u00e9tudiants \u00e9l\u00e8ve-ing\u00e9nieur de derni\u00e8re ann\u00e9e, l\u2019acc\u00e8s au Master pourra se faire en cours d\u2019\u00e9tudes, au niveau de la 1<sup>\u00e8re<\/sup>\u00a0ann\u00e9e ou en directement en 2<sup>\u00e8me<\/sup>\u00a0ann\u00e9e. L\u2019autorisation d\u2019acc\u00e8s sera donn\u00e9e par la commission p\u00e9dagogique du master qui d\u00e9livrera les \u00e9quivalences d\u2019UE adapt\u00e9e en fonction des cursus Ing\u00e9nieurs suivis. L\u2019\u00e9quipe de formation pourra \u00e9galement admettre des \u00e9tudiants en fin de licence sur pr\u00e9sentation d\u2019un dossier et d\u2019un projet professionnel.<\/p>\n\n\n\n<p>Des personnes en formation continue pourront \u00e9galement \u00eatre admises apr\u00e8s accord de la commission p\u00e9dagogique.<\/p>\n\n\n\n<h2 class=\"wp-block-heading\">Modalit\u00e9s d&rsquo;inscription<\/h2>\n\n\n\n<p>Les candidatures sont ouvertes au printemps et se font uniquement par les liens suivants :<\/p>\n\n\n\n<ul class=\"wp-block-list\"><li>\u00e0 <a rel=\"noreferrer noopener\" aria-label=\"Lyon (ouverture dans un nouvel onglet)\" href=\"https:\/\/ecandidat.univ-lyon1.fr\/\" target=\"_blank\">Lyon<\/a> ;<\/li><li>\u00e0 Montpellier : en <a aria-label=\"M1 (ouverture dans un nouvel onglet)\" rel=\"noreferrer noopener\" href=\"https:\/\/ecandidat.umontpellier.fr\/\" target=\"_blank\">M1<\/a> et en <a rel=\"noreferrer noopener\" aria-label=\"M2 (ouverture dans un nouvel onglet)\" href=\"https:\/\/candidature.umontpellier.fr\/\" target=\"_blank\">M2<\/a>.<\/li><\/ul>\n\n\n\n<p><br><\/p>\n\n\n\n<div class=\"wp-block-image\"><figure class=\"aligncenter\"><img loading=\"lazy\" decoding=\"async\" width=\"1000\" height=\"120\" src=\"https:\/\/master-astrophysique.univ-lyon1.fr\/wp-content\/uploads\/2019\/02\/UCBL-UM.png\" alt=\"\" class=\"wp-image-289\" srcset=\"https:\/\/master-astrophysique.univ-lyon1.fr\/wp-content\/uploads\/2019\/02\/UCBL-UM.png 1000w, https:\/\/master-astrophysique.univ-lyon1.fr\/wp-content\/uploads\/2019\/02\/UCBL-UM-300x36.png 300w, https:\/\/master-astrophysique.univ-lyon1.fr\/wp-content\/uploads\/2019\/02\/UCBL-UM-768x92.png 768w\" sizes=\"auto, (max-width: 706px) 89vw, (max-width: 767px) 82vw, 740px\" \/><\/figure><\/div>\n","protected":false},"excerpt":{"rendered":"<p>Public concern\u00e9 et conditions d&rsquo;acc\u00e8s Le Master Astrophysique est accessible \u00e0 tous les \u00e9tudiants titulaires d\u2019une Licence de Sciences et Technologies. L\u2019autorisation d\u2019acc\u00e8s est donn\u00e9e par la commission p\u00e9dagogique du master, qui v\u00e9rifie que les \u00e9tudiants poss\u00e8dent une formation ad\u00e9quate en physique. Les \u00e9tudiants titulaires d\u2019un dipl\u00f4me \u00e9quivalent pourront \u00eatre admis en master 1\u00e8re&nbsp;ou 2\u00e8me&nbsp;ann\u00e9e &hellip; <\/p>\n<p class=\"link-more\"><a href=\"https:\/\/master-astrophysique.univ-lyon1.fr\/index.php\/conditions-dadmission\/\" class=\"more-link\">Continuer la lecture<span class=\"screen-reader-text\"> de &laquo;&nbsp;Conditions d&rsquo;admission&nbsp;&raquo;<\/span><\/a><\/p>\n","protected":false},"author":1,"featured_media":0,"parent":0,"menu_order":0,"comment_status":"closed","ping_status":"open","template":"","meta":{"footnotes":""},"class_list":["post-6","page","type-page","status-publish","hentry"],"_links":{"self":[{"href":"https:\/\/master-astrophysique.univ-lyon1.fr\/index.php\/wp-json\/wp\/v2\/pages\/6","targetHints":{"allow":["GET"]}}],"collection":[{"href":"https:\/\/master-astrophysique.univ-lyon1.fr\/index.php\/wp-json\/wp\/v2\/pages"}],"about":[{"href":"https:\/\/master-astrophysique.univ-lyon1.fr\/index.php\/wp-json\/wp\/v2\/types\/page"}],"author":[{"embeddable":true,"href":"https:\/\/master-astrophysique.univ-lyon1.fr\/index.php\/wp-json\/wp\/v2\/users\/1"}],"replies":[{"embeddable":true,"href":"https:\/\/master-astrophysique.univ-lyon1.fr\/index.php\/wp-json\/wp\/v2\/comments?post=6"}],"version-history":[{"count":16,"href":"https:\/\/master-astrophysique.univ-lyon1.fr\/index.php\/wp-json\/wp\/v2\/pages\/6\/revisions"}],"predecessor-version":[{"id":576,"href":"https:\/\/master-astrophysique.univ-lyon1.fr\/index.php\/wp-json\/wp\/v2\/pages\/6\/revisions\/576"}],"wp:attachment":[{"href":"https:\/\/master-astrophysique.univ-lyon1.fr\/index.php\/wp-json\/wp\/v2\/media?parent=6"}],"curies":[{"name":"wp","href":"https:\/\/api.w.org\/{rel}","templated":true}]}}