{"id":591,"date":"2021-09-08T23:43:06","date_gmt":"2021-09-08T21:43:06","guid":{"rendered":"https:\/\/master-astrophysique.univ-lyon1.fr\/?page_id=591"},"modified":"2021-09-09T00:09:30","modified_gmt":"2021-09-08T22:09:30","slug":"legal-information","status":"publish","type":"page","link":"https:\/\/master-astrophysique.univ-lyon1.fr\/index.php\/en\/legal-information\/","title":{"rendered":"Legal information"},"content":{"rendered":"\n<p>Publication directors : Jean-Fran\u00e7ois Gonzalez, Bertrand Plez<\/p>\n\n\n\n<h5 class=\"wp-block-heading\">Conditions of use<\/h5>\n\n\n\n<h6 class=\"wp-block-heading\">Non-responsibility clause<\/h6>\n\n\n\n<p>The responsibility of <a rel=\"noreferrer noopener\" href=\"https:\/\/www.univ-lyon1.fr\" target=\"_blank\">Universit\u00e9 Claude Bernard Lyon 1<\/a> or of <a rel=\"noreferrer noopener\" href=\"https:\/\/www.umontpellier.fr\" target=\"_blank\">Universit\u00e9 de Montpellier<\/a> cannot be engaged in any way regarding the contents of the information appearing on this site figurant sur ce site or the consequences that can result from their use or interpretation.<\/p>\n\n\n\n<h6 class=\"wp-block-heading\">Intellectual property<\/h6>\n\n\n\n<p>The entirety of this site falls within the remit of French and international legislation on copyrights and intellectual property. All reproductive rights are reserved, including for downloadable documents and iconographic and photographic representations. The reproduction of all or part of this site on any electronic media whatsoever is strictly prohibited, unless expressly permitted by the publication director.<\/p>\n\n\n\n<h6 class=\"wp-block-heading\">Hyperlinks<\/h6>\n\n\n\n<p>The implementation of hyperlinks by third parties towards pages or documents on this site is permitted providing that these links do not contravene the interests of <a rel=\"noreferrer noopener\" href=\"https:\/\/www.univ-lyon1.fr\" target=\"_blank\">Universit\u00e9 Claude Bernard Lyon 1<\/a> or of <a rel=\"noreferrer noopener\" href=\"https:\/\/www.umontpellier.fr\" target=\"_blank\">Universit\u00e9 de Montpellier<\/a> and that they warrant the possibility for the user to identify the origin and author of the document.<\/p>\n\n\n\n<p>Links published on this site enable you to access other internet sites that do not fall under our responsibility. Accessing these sites, which are not under our control, is at your own risk.<\/p>\n\n\n\n<h5 class=\"wp-block-heading\">Protection of personal data<\/h5>\n\n\n\n<p>No personal data is recorded on this site.<\/p>\n\n\n\n<h5 class=\"wp-block-heading\">image credits<\/h5>\n\n\n\n<p>\u00a9 <a href=\"https:\/\/www.eso.org\/\" target=\"_blank\" rel=\"noreferrer noopener\">ESO<\/a>, <a href=\"https:\/\/www.nasa.gov\" target=\"_blank\" rel=\"noreferrer noopener\">NASA<\/a>\/<a href=\"http:\/\/www.esa.int\/\" target=\"_blank\" rel=\"noreferrer noopener\">ESA<\/a>, <a href=\"http:\/\/cfht.hawaii.edu\" target=\"_blank\" rel=\"noreferrer noopener\">CFHT<\/a>, <a href=\"http:\/\/www.robgendlerastropics.com\" target=\"_blank\" rel=\"noreferrer noopener\">Robert Gendler<\/a><\/p>\n","protected":false},"excerpt":{"rendered":"<p>Publication directors : Jean-Fran\u00e7ois Gonzalez, Bertrand Plez Conditions of use Non-responsibility clause The responsibility of Universit\u00e9 Claude Bernard Lyon 1 or of Universit\u00e9 de Montpellier cannot be engaged in any way regarding the contents of the information appearing on this site figurant sur ce site or the consequences that can result from their use or &hellip; <\/p>\n<p class=\"link-more\"><a href=\"https:\/\/master-astrophysique.univ-lyon1.fr\/index.php\/en\/legal-information\/\" class=\"more-link\">Continuer la lecture<span class=\"screen-reader-text\"> de &laquo;&nbsp;Legal information&nbsp;&raquo;<\/span><\/a><\/p>\n","protected":false},"author":1,"featured_media":0,"parent":0,"menu_order":0,"comment_status":"closed","ping_status":"closed","template":"","meta":{"footnotes":""},"class_list":["post-591","page","type-page","status-publish","hentry"],"_links":{"self":[{"href":"https:\/\/master-astrophysique.univ-lyon1.fr\/index.php\/wp-json\/wp\/v2\/pages\/591","targetHints":{"allow":["GET"]}}],"collection":[{"href":"https:\/\/master-astrophysique.univ-lyon1.fr\/index.php\/wp-json\/wp\/v2\/pages"}],"about":[{"href":"https:\/\/master-astrophysique.univ-lyon1.fr\/index.php\/wp-json\/wp\/v2\/types\/page"}],"author":[{"embeddable":true,"href":"https:\/\/master-astrophysique.univ-lyon1.fr\/index.php\/wp-json\/wp\/v2\/users\/1"}],"replies":[{"embeddable":true,"href":"https:\/\/master-astrophysique.univ-lyon1.fr\/index.php\/wp-json\/wp\/v2\/comments?post=591"}],"version-history":[{"count":4,"href":"https:\/\/master-astrophysique.univ-lyon1.fr\/index.php\/wp-json\/wp\/v2\/pages\/591\/revisions"}],"predecessor-version":[{"id":599,"href":"https:\/\/master-astrophysique.univ-lyon1.fr\/index.php\/wp-json\/wp\/v2\/pages\/591\/revisions\/599"}],"wp:attachment":[{"href":"https:\/\/master-astrophysique.univ-lyon1.fr\/index.php\/wp-json\/wp\/v2\/media?parent=591"}],"curies":[{"name":"wp","href":"https:\/\/api.w.org\/{rel}","templated":true}]}}