{"id":544,"date":"2021-09-08T05:01:33","date_gmt":"2021-09-08T03:01:33","guid":{"rendered":"https:\/\/master-astrophysique.univ-lyon1.fr\/?page_id=544"},"modified":"2022-04-25T16:11:26","modified_gmt":"2022-04-25T14:11:26","slug":"m2-in-common","status":"publish","type":"page","link":"https:\/\/master-astrophysique.univ-lyon1.fr\/index.php\/en\/m2-in-common\/","title":{"rendered":"M2 in common"},"content":{"rendered":"\n<p>The second year of the master program is common to <a rel=\"noreferrer noopener\" aria-label=\" (ouverture dans un nouvel onglet)\" href=\"https:\/\/www.univ-lyon1.fr\" target=\"_blank\">Universit\u00e9 Claude Bernard Lyon 1<\/a> and <a rel=\"noreferrer noopener\" aria-label=\" (ouverture dans un nouvel onglet)\" href=\"https:\/\/www.umontpellier.fr\" target=\"_blank\">Universit\u00e9 de Montpellier<\/a>. Some teaching units (unit\u00e9s d&rsquo;enseignements, UEs) are taught by a teacher from Lyon, others by a teacher from Montpellier. Students enrolled in each site attend the classes either in person or via videoconference, depending on the teacher&rsquo;s location.  It&rsquo;s important to note that students from one site attend the classes taught from the other site all together in the same videoconference room and not alone in front of their screen. To compensate the more limited interaction with teachers from the other site, students from each site are hosted (i.e. attend the classes and have an office to work in) in the local astrophysics laboratory, either the <a rel=\"noreferrer noopener\" aria-label=\"Centre de Recherche Astrophysique de Lyon (ouverture dans un nouvel onglet)\" href=\"https:\/\/cral.univ-lyon1.fr\" target=\"_blank\">Centre de Recherche Astrophysique de Lyon<\/a>, or the <a rel=\"noreferrer noopener\" href=\"https:\/\/www.lupm.in2p3.fr\" target=\"_blank\">Laboratoire Univers et Particules de Montpellier<\/a>, in which they can interact with the teachers and researchers. All students from both sites meet for a one-week observation workshop at <a rel=\"noreferrer noopener\" aria-label=\"Observatoire de Haute-Provence (ouverture dans un nouvel onglet)\" href=\"http:\/\/www.obs-hp.fr\/\" target=\"_blank\">Observatoire de Haute-Provence<\/a>.<\/p>\n\n\n\n<p>The M2 year is composed of three blocks. UEs can be compensated within one block but blocks cannot be compensated.<\/p>\n\n\n\n<h2 class=\"wp-block-heading\">Fundamental block<\/h2>\n\n\n\n<p>The fundamental block (30 ECTS) is composed of a list of seven astrophysics UEs of 3 or 6 ECTS: radiative transfer and stellar atmospheres (<a rel=\"noreferrer noopener\" href=\"https:\/\/master-astrophysique.univ-lyon1.fr\/index.php\/en\/radiative-transfer-and-stellar-atmospheres\/\" target=\"_blank\">transfert de rayonnement et atmosph\u00e8res stellaires<\/a>, 3 ECTS), stellar structure and evolution (<a rel=\"noreferrer noopener\" href=\"https:\/\/master-astrophysique.univ-lyon1.fr\/index.php\/en\/stellar-structure-and-evolution\/\" target=\"_blank\">structure et \u00e9volution stellaires<\/a>, 3 ECTS), observational cosmology (<a rel=\"noreferrer noopener\" href=\"https:\/\/master-astrophysique.univ-lyon1.fr\/index.php\/en\/observational-cosmology\/\" target=\"_blank\">cosmologie observationnelle<\/a>, 3 ECTS), galaxy formation and evolution (<a rel=\"noreferrer noopener\" href=\"https:\/\/master-astrophysique.univ-lyon1.fr\/index.php\/en\/galaxy-formation-and-evolution\/\" target=\"_blank\">formation et \u00e9volution des galaxies<\/a>, 6 ECTS), star and planetary system formation (<a rel=\"noreferrer noopener\" href=\"https:\/\/master-astrophysique.univ-lyon1.fr\/index.php\/en\/star-and-planet-formation\/\" target=\"_blank\">formation des \u00e9toiles et des syst\u00e8mes plan\u00e9taires<\/a>, 6 ECTS), interstellar medium (<a rel=\"noreferrer noopener\" href=\"https:\/\/master-astrophysique.univ-lyon1.fr\/index.php\/milieu-interstellaire\/\" target=\"_blank\">milieu interstellaire<\/a>, 3 ECTS), and astrophysical instrumentation (<a rel=\"noreferrer noopener\" href=\"https:\/\/master-astrophysique.univ-lyon1.fr\/index.php\/en\/astrophysical-instrumentation\/\" target=\"_blank\">instrumentation astrophysique<\/a>, 6 ECTS).<\/p>\n\n\n\n<figure class=\"wp-block-image size-large is-resized\"><img loading=\"lazy\" decoding=\"async\" src=\"https:\/\/master-astrophysique.univ-lyon1.fr\/wp-content\/uploads\/M2_blocF_2022-2026-1-1024x185.png\" alt=\"\" class=\"wp-image-703\" width=\"683\" height=\"123\" srcset=\"https:\/\/master-astrophysique.univ-lyon1.fr\/wp-content\/uploads\/M2_blocF_2022-2026-1-1024x185.png 1024w, https:\/\/master-astrophysique.univ-lyon1.fr\/wp-content\/uploads\/M2_blocF_2022-2026-1-300x54.png 300w, https:\/\/master-astrophysique.univ-lyon1.fr\/wp-content\/uploads\/M2_blocF_2022-2026-1-768x138.png 768w, https:\/\/master-astrophysique.univ-lyon1.fr\/wp-content\/uploads\/M2_blocF_2022-2026-1-1536x277.png 1536w, https:\/\/master-astrophysique.univ-lyon1.fr\/wp-content\/uploads\/M2_blocF_2022-2026-1.png 1952w\" sizes=\"auto, (max-width: 683px) 100vw, 683px\" \/><\/figure>\n\n\n\n<h2 class=\"wp-block-heading\">Professionalizing block<\/h2>\n\n\n\n<p>The professionalizing block (9 ECTS) includes one UE consisting of an observational astrophysics project including a one-week workshop at Observatoire de Haute-Provence (<a rel=\"noreferrer noopener\" href=\"https:\/\/master-astrophysique.univ-lyon1.fr\/index.php\/en\/observational-astrophysics-project\/\" target=\"_blank\">projet astrophysique observationnelle<\/a>, 4 ECTS), a computational project (<a rel=\"noreferrer noopener\" href=\"https:\/\/master-astrophysique.univ-lyon1.fr\/index.php\/en\/numerical-project\/\" target=\"_blank\">projet num\u00e9rique<\/a>, 3 ECTS), and one UE of English (<a rel=\"noreferrer noopener\" href=\"http:\/\/offre-de-formations.univ-lyon1.fr\/ue-17027-1243%2Fanglais-pour-la-communication-professionnelle-niveau-2.html\" target=\"_blank\">anglais pour la communication professionnelle niveau 2<\/a> in Lyon and <a rel=\"noreferrer noopener\" href=\"https:\/\/formations.umontpellier.fr\/fr\/formations\/master-XB\/master-physique-fondamentale-et-applications-ME155\/astrophysique-IWVYR3WU\/m2-astrophysique-KK6OUU8U\/anglais-m2-pfa-KNR66P3M.html\" target=\"_blank\">anglais M2 PFA<\/a> in Montpellier, 2 ECTS).<\/p>\n\n\n\n<figure class=\"wp-block-image size-full is-resized\"><img loading=\"lazy\" decoding=\"async\" src=\"https:\/\/master-astrophysique.univ-lyon1.fr\/wp-content\/uploads\/M2_blocP_2022-2026-1.png\" alt=\"\" class=\"wp-image-704\" width=\"206\" height=\"123\" srcset=\"https:\/\/master-astrophysique.univ-lyon1.fr\/wp-content\/uploads\/M2_blocP_2022-2026-1.png 588w, https:\/\/master-astrophysique.univ-lyon1.fr\/wp-content\/uploads\/M2_blocP_2022-2026-1-300x180.png 300w\" sizes=\"auto, (max-width: 206px) 100vw, 206px\" \/><\/figure>\n\n\n\n<h2 class=\"wp-block-heading\">Internship block<\/h2>\n\n\n\n<p>The internship block only comprises the research internship (<a rel=\"noreferrer noopener\" href=\"https:\/\/master-astrophysique.univ-lyon1.fr\/index.php\/en\/research-internship\/\" target=\"_blank\">stage de recherche<\/a>) in a laboratory for a duration of 4 months (21 ECTS).<br><\/p>\n\n\n\n<figure class=\"wp-block-image size-large is-resized\"><img loading=\"lazy\" decoding=\"async\" src=\"https:\/\/master-astrophysique.univ-lyon1.fr\/wp-content\/uploads\/M2_blocS_2022-2026-1-1024x264.png\" alt=\"\" class=\"wp-image-705\" width=\"478\" height=\"123\" srcset=\"https:\/\/master-astrophysique.univ-lyon1.fr\/wp-content\/uploads\/M2_blocS_2022-2026-1-1024x264.png 1024w, https:\/\/master-astrophysique.univ-lyon1.fr\/wp-content\/uploads\/M2_blocS_2022-2026-1-300x77.png 300w, https:\/\/master-astrophysique.univ-lyon1.fr\/wp-content\/uploads\/M2_blocS_2022-2026-1-768x198.png 768w, https:\/\/master-astrophysique.univ-lyon1.fr\/wp-content\/uploads\/M2_blocS_2022-2026-1.png 1367w\" sizes=\"auto, (max-width: 478px) 100vw, 478px\" \/><\/figure>\n\n\n\n<p>All courses are normally taught in French but can welcome non-French speaking students by adapting the lectures and accompanying documents in English.<\/p>\n\n\n\n<p><br><\/p>\n\n\n\n<div class=\"wp-block-image\"><figure class=\"aligncenter\"><img loading=\"lazy\" decoding=\"async\" width=\"1000\" height=\"120\" src=\"https:\/\/master-astrophysique.univ-lyon1.fr\/wp-content\/uploads\/2019\/02\/UCBL-UM.png\" alt=\"\" class=\"wp-image-289\" srcset=\"https:\/\/master-astrophysique.univ-lyon1.fr\/wp-content\/uploads\/2019\/02\/UCBL-UM.png 1000w, https:\/\/master-astrophysique.univ-lyon1.fr\/wp-content\/uploads\/2019\/02\/UCBL-UM-300x36.png 300w, https:\/\/master-astrophysique.univ-lyon1.fr\/wp-content\/uploads\/2019\/02\/UCBL-UM-768x92.png 768w\" sizes=\"auto, (max-width: 706px) 89vw, (max-width: 767px) 82vw, 740px\" \/><\/figure><\/div>\n","protected":false},"excerpt":{"rendered":"<p>The second year of the master program is common to Universit\u00e9 Claude Bernard Lyon 1 and Universit\u00e9 de Montpellier. Some teaching units (unit\u00e9s d&rsquo;enseignements, UEs) are taught by a teacher from Lyon, others by a teacher from Montpellier. Students enrolled in each site attend the classes either in person or via videoconference, depending on the &hellip; <\/p>\n<p class=\"link-more\"><a href=\"https:\/\/master-astrophysique.univ-lyon1.fr\/index.php\/en\/m2-in-common\/\" class=\"more-link\">Continuer la lecture<span class=\"screen-reader-text\"> de &laquo;&nbsp;M2 in common&nbsp;&raquo;<\/span><\/a><\/p>\n","protected":false},"author":1,"featured_media":0,"parent":0,"menu_order":0,"comment_status":"closed","ping_status":"closed","template":"","meta":{"footnotes":""},"class_list":["post-544","page","type-page","status-publish","hentry"],"_links":{"self":[{"href":"https:\/\/master-astrophysique.univ-lyon1.fr\/index.php\/wp-json\/wp\/v2\/pages\/544","targetHints":{"allow":["GET"]}}],"collection":[{"href":"https:\/\/master-astrophysique.univ-lyon1.fr\/index.php\/wp-json\/wp\/v2\/pages"}],"about":[{"href":"https:\/\/master-astrophysique.univ-lyon1.fr\/index.php\/wp-json\/wp\/v2\/types\/page"}],"author":[{"embeddable":true,"href":"https:\/\/master-astrophysique.univ-lyon1.fr\/index.php\/wp-json\/wp\/v2\/users\/1"}],"replies":[{"embeddable":true,"href":"https:\/\/master-astrophysique.univ-lyon1.fr\/index.php\/wp-json\/wp\/v2\/comments?post=544"}],"version-history":[{"count":25,"href":"https:\/\/master-astrophysique.univ-lyon1.fr\/index.php\/wp-json\/wp\/v2\/pages\/544\/revisions"}],"predecessor-version":[{"id":721,"href":"https:\/\/master-astrophysique.univ-lyon1.fr\/index.php\/wp-json\/wp\/v2\/pages\/544\/revisions\/721"}],"wp:attachment":[{"href":"https:\/\/master-astrophysique.univ-lyon1.fr\/index.php\/wp-json\/wp\/v2\/media?parent=544"}],"curies":[{"name":"wp","href":"https:\/\/api.w.org\/{rel}","templated":true}]}}