{"id":499,"date":"2021-08-06T09:37:11","date_gmt":"2021-08-06T07:37:11","guid":{"rendered":"https:\/\/master-astrophysique.univ-lyon1.fr\/?page_id=499"},"modified":"2021-09-10T00:13:17","modified_gmt":"2021-09-09T22:13:17","slug":"structure-et-evolution-stellaires","status":"publish","type":"page","link":"https:\/\/master-astrophysique.univ-lyon1.fr\/index.php\/structure-et-evolution-stellaires\/","title":{"rendered":"Structure et \u00e9volution stellaires"},"content":{"rendered":"\n<p>18h de cours, 3 ECTS<\/p>\n\n\n\n<p><strong>Responsable : <\/strong><a href=\"mailto:ana.palacios@umontpellier.fr\">Ana Palacios<\/a> (Universit\u00e9 de Montpellier)<\/p>\n\n\n\n<p>Une grande partie de notre compr\u00e9hension de l\u2019Univers repose sur la compr\u00e9hension et la mod\u00e9lisation pr\u00e9cise des \u00e9toiles. Les \u00e9toiles constituent une partie tr\u00e8s importante de la lumi\u00e8re int\u00e9gr\u00e9e des galaxies, ce sont des contributeurs majeurs \u00e0 l\u2019\u00e9volution chimique et dynamique des galaxies. Dans ce cours, nous aborderons la physique d\u00e9crivant la structure stellaire et nous \u00e9tudierons comment cette structure \u00e9volue au cours du temps dans le cas des \u00e9toiles isol\u00e9es.<\/p>\n\n\n\n<p><strong>Objectifs :<\/strong><\/p>\n\n\n\n<ul class=\"wp-block-list\"><li>Les objectifs sont d\u2019apporter les clefs physiques pour la compr\u00e9hension de la structure et de l\u2019\u00e9volution des \u00e9toiles et de leurs propri\u00e9t\u00e9s observationnelles depuis la phase de pr\u00e9-s\u00e9quence principale jusqu\u2019\u00e0 la fin de vie nucl\u00e9aire et ce pour les \u00e9toiles de toutes masses et composition chimique.<\/li><li>A l\u2019issue de ce cours, les \u00e9tudiants conna\u00eetront les processus physiques classiques (\u00e9quation d\u2019\u00e9tat, interaction mati\u00e8re-rayonnement, nucl\u00e9osynth\u00e8se, \u2026) r\u00e9gissant la structure et l\u2019\u00e9volution des \u00e9toiles et leur mod\u00e9lisation. Ils auront des notions des modifications apport\u00e9es par l\u2019introduction de processus de transport de mati\u00e8re dits non-standard dans ces mod\u00e8les. Ils auront enfin une compr\u00e9hension basique des pulsations stellaires.<\/li><\/ul>\n\n\n\n<p><strong>Contenu :<\/strong><\/p>\n\n\n\n<ol class=\"wp-block-list\"><li>Introduction \u00e0 la physique stellaire<\/li><li>Les \u00e9quations de la structure stellaire \u00e0 1D<\/li><li>Equation d\u2019\u00e9tat<\/li><li>R\u00e9actions thermonucl\u00e9aires et nucl\u00e9osynth\u00e8se<\/li><li>Opacit\u00e9s et modes de transport de la chaleur dans les int\u00e9rieurs stellaires<\/li><li>Analyse d\u00e9taill\u00e9e de l\u2019\u00e9volution stellaire : \u00e9toiles de faible masse, de masse interm\u00e9diaire, et massives<\/li><li>Physique et \u00e9volution stellaire au-del\u00e0 du mod\u00e8le classique<\/li><li>Introduction \u00e0 la physique de la variabilit\u00e9 stellaire<\/li><\/ol>\n","protected":false},"excerpt":{"rendered":"<p>18h de cours, 3 ECTS Responsable : Ana Palacios (Universit\u00e9 de Montpellier) Une grande partie de notre compr\u00e9hension de l\u2019Univers repose sur la compr\u00e9hension et la mod\u00e9lisation pr\u00e9cise des \u00e9toiles. Les \u00e9toiles constituent une partie tr\u00e8s importante de la lumi\u00e8re int\u00e9gr\u00e9e des galaxies, ce sont des contributeurs majeurs \u00e0 l\u2019\u00e9volution chimique et dynamique des galaxies. &hellip; <\/p>\n<p class=\"link-more\"><a href=\"https:\/\/master-astrophysique.univ-lyon1.fr\/index.php\/structure-et-evolution-stellaires\/\" class=\"more-link\">Continuer la lecture<span class=\"screen-reader-text\"> de &laquo;&nbsp;Structure et \u00e9volution stellaires&nbsp;&raquo;<\/span><\/a><\/p>\n","protected":false},"author":1,"featured_media":0,"parent":0,"menu_order":0,"comment_status":"closed","ping_status":"closed","template":"","meta":{"footnotes":""},"class_list":["post-499","page","type-page","status-publish","hentry"],"_links":{"self":[{"href":"https:\/\/master-astrophysique.univ-lyon1.fr\/index.php\/wp-json\/wp\/v2\/pages\/499","targetHints":{"allow":["GET"]}}],"collection":[{"href":"https:\/\/master-astrophysique.univ-lyon1.fr\/index.php\/wp-json\/wp\/v2\/pages"}],"about":[{"href":"https:\/\/master-astrophysique.univ-lyon1.fr\/index.php\/wp-json\/wp\/v2\/types\/page"}],"author":[{"embeddable":true,"href":"https:\/\/master-astrophysique.univ-lyon1.fr\/index.php\/wp-json\/wp\/v2\/users\/1"}],"replies":[{"embeddable":true,"href":"https:\/\/master-astrophysique.univ-lyon1.fr\/index.php\/wp-json\/wp\/v2\/comments?post=499"}],"version-history":[{"count":3,"href":"https:\/\/master-astrophysique.univ-lyon1.fr\/index.php\/wp-json\/wp\/v2\/pages\/499\/revisions"}],"predecessor-version":[{"id":614,"href":"https:\/\/master-astrophysique.univ-lyon1.fr\/index.php\/wp-json\/wp\/v2\/pages\/499\/revisions\/614"}],"wp:attachment":[{"href":"https:\/\/master-astrophysique.univ-lyon1.fr\/index.php\/wp-json\/wp\/v2\/media?parent=499"}],"curies":[{"name":"wp","href":"https:\/\/api.w.org\/{rel}","templated":true}]}}