{"id":496,"date":"2021-08-05T17:30:35","date_gmt":"2021-08-05T15:30:35","guid":{"rendered":"https:\/\/master-astrophysique.univ-lyon1.fr\/?page_id=496"},"modified":"2021-09-09T01:10:24","modified_gmt":"2021-09-08T23:10:24","slug":"transfert-de-rayonnement-et-atmospheres-stellaires","status":"publish","type":"page","link":"https:\/\/master-astrophysique.univ-lyon1.fr\/index.php\/transfert-de-rayonnement-et-atmospheres-stellaires\/","title":{"rendered":"Transfert de rayonnement et atmosph\u00e8res stellaires"},"content":{"rendered":"\n<p>18h de cours, 3 ECTS<\/p>\n\n\n\n<p><strong>Responsable :<\/strong> <a href=\"mailto:bertrand.plez@umontpellier.fr\">Bertrand Plez<\/a> (Universit\u00e9 de Montpellier)<\/p>\n\n\n\n<p>Cette UE couvre l\u2019essentiel des bases n\u00e9cessaires \u00e0 une bonne compr\u00e9hension de la physique des atmosph\u00e8res et des vents stellaires. Les \u00e9l\u00e9ments essentiels de la th\u00e9orie du transfert de rayonnement sont couverts, \u00e0 l\u2019ETL (\u00e9quilibre thermodynamique local) et hors-ETL, ainsi que la description du gaz (\u00e9quation d\u2019\u00e9tat) et son interaction avec le champ de rayonnement (opacit\u00e9s). Les mod\u00e8les et simulations modernes sont pr\u00e9sent\u00e9es avec leur application \u00e0 la d\u00e9termination des param\u00e8tres stellaires, en particulier la composition chimique, via la spectroscopie. Les diff\u00e9rents types de vents stellaires (pression, radiatif, hybride) sont d\u00e9crits via les th\u00e9ories mises en regard des observations.<\/p>\n\n\n\n<p><strong>Objectifs :<\/strong><\/p>\n\n\n\n<ul class=\"wp-block-list\"><li>Assurer les bases fondamentales en transfert radiatif pour aborder la plupart des probl\u00e8mes d\u2019astrophysique<\/li><li>Acqu\u00e9rir les bases de la physique des atmosph\u00e8res stellaires permettant d\u2019aborder les publications sp\u00e9cialis\u00e9es du domaine<\/li><li>Conna\u00eetre les th\u00e9ories essentielles de vents stellaires, et les m\u00e9canismes aff\u00e9rents<\/li><li>Savoir mettre en application ces connaissances pour effectuer des calculs, estimer des ordres de grandeurs, ou tester une th\u00e9orie<\/li><li>Conna\u00eetre l\u2019existence des codes num\u00e9riques embl\u00e9matiques de simulation des atmosph\u00e8res et leur domaine d\u2019application<\/li><\/ul>\n\n\n\n<p><strong>Contenu :<\/strong><\/p>\n\n\n\n<ul class=\"wp-block-list\"><li>Transfert radiatif avanc\u00e9 : ETL, hors-ETL, formation des raies, processus atomiques, \u00e9quilibre radiatif, atmosph\u00e8re grise<\/li><li>Atmosph\u00e8res stellaires : \u00e9quations et ingr\u00e9dients physiques, structure, atmosph\u00e8res hydrostatiques, convection, simulations hydrodynamiques radiatives 3D, diagnostics<\/li><li>Spectroscopie stellaire : atome \u00e0 deux niveaux, \u00e9largissement des raies, d\u00e9termination de la composition chimique des atmosph\u00e8res<\/li><li>Vents stellaires : vent solaire, vents radiatifs des \u00e9toiles chaudes, vents hybrides des g\u00e9antes rouges<\/li><\/ul>\n","protected":false},"excerpt":{"rendered":"<p>18h de cours, 3 ECTS Responsable : Bertrand Plez (Universit\u00e9 de Montpellier) Cette UE couvre l\u2019essentiel des bases n\u00e9cessaires \u00e0 une bonne compr\u00e9hension de la physique des atmosph\u00e8res et des vents stellaires. Les \u00e9l\u00e9ments essentiels de la th\u00e9orie du transfert de rayonnement sont couverts, \u00e0 l\u2019ETL (\u00e9quilibre thermodynamique local) et hors-ETL, ainsi que la description &hellip; <\/p>\n<p class=\"link-more\"><a href=\"https:\/\/master-astrophysique.univ-lyon1.fr\/index.php\/transfert-de-rayonnement-et-atmospheres-stellaires\/\" class=\"more-link\">Continuer la lecture<span class=\"screen-reader-text\"> de &laquo;&nbsp;Transfert de rayonnement et atmosph\u00e8res stellaires&nbsp;&raquo;<\/span><\/a><\/p>\n","protected":false},"author":1,"featured_media":0,"parent":0,"menu_order":0,"comment_status":"closed","ping_status":"closed","template":"","meta":{"footnotes":""},"class_list":["post-496","page","type-page","status-publish","hentry"],"_links":{"self":[{"href":"https:\/\/master-astrophysique.univ-lyon1.fr\/index.php\/wp-json\/wp\/v2\/pages\/496","targetHints":{"allow":["GET"]}}],"collection":[{"href":"https:\/\/master-astrophysique.univ-lyon1.fr\/index.php\/wp-json\/wp\/v2\/pages"}],"about":[{"href":"https:\/\/master-astrophysique.univ-lyon1.fr\/index.php\/wp-json\/wp\/v2\/types\/page"}],"author":[{"embeddable":true,"href":"https:\/\/master-astrophysique.univ-lyon1.fr\/index.php\/wp-json\/wp\/v2\/users\/1"}],"replies":[{"embeddable":true,"href":"https:\/\/master-astrophysique.univ-lyon1.fr\/index.php\/wp-json\/wp\/v2\/comments?post=496"}],"version-history":[{"count":3,"href":"https:\/\/master-astrophysique.univ-lyon1.fr\/index.php\/wp-json\/wp\/v2\/pages\/496\/revisions"}],"predecessor-version":[{"id":603,"href":"https:\/\/master-astrophysique.univ-lyon1.fr\/index.php\/wp-json\/wp\/v2\/pages\/496\/revisions\/603"}],"wp:attachment":[{"href":"https:\/\/master-astrophysique.univ-lyon1.fr\/index.php\/wp-json\/wp\/v2\/media?parent=496"}],"curies":[{"name":"wp","href":"https:\/\/api.w.org\/{rel}","templated":true}]}}