{"id":37,"date":"2019-01-30T22:16:01","date_gmt":"2019-01-30T21:16:01","guid":{"rendered":"https:\/\/master-astrophysique.univ-lyon1.fr\/?page_id=37"},"modified":"2022-04-20T15:31:38","modified_gmt":"2022-04-20T13:31:38","slug":"m2-commun","status":"publish","type":"page","link":"https:\/\/master-astrophysique.univ-lyon1.fr\/index.php\/m2-commun\/","title":{"rendered":"M2 commun"},"content":{"rendered":"\n<p>La deuxi\u00e8me ann\u00e9e du master est commune entre l&rsquo;<a rel=\"noreferrer noopener\" aria-label=\" (ouverture dans un nouvel onglet)\" href=\"https:\/\/www.univ-lyon1.fr\" target=\"_blank\">Universit\u00e9 Claude Bernard Lyon 1<\/a> et l&rsquo;<a rel=\"noreferrer noopener\" aria-label=\" (ouverture dans un nouvel onglet)\" href=\"https:\/\/www.umontpellier.fr\" target=\"_blank\">Universit\u00e9 de Montpellier<\/a>. Certaines UE sont dispens\u00e9es par un(e) enseignant(e) de Lyon, d&rsquo;autres par un(e) enseignant(e) de Montpellier. Les \u00e9tudiants inscrits dans chaque site suivent les enseignements soit en pr\u00e9sentiel, soit par visioconf\u00e9rence, selon la localisation de l&rsquo;enseignant(e). Il est important de noter que les \u00e9tudiants d&rsquo;un site suivent les cours distants tous ensemble dans la m\u00eame salle \u00e9quip\u00e9e pour la visioconf\u00e9rence et non pas seuls devant leur \u00e9cran. Pour compenser l&rsquo;interaction plus limit\u00e9e avec les enseignant(s) distants, les \u00e9tudiants de chaque site sont h\u00e9berg\u00e9s (c&rsquo;est \u00e0 dire suivent les cours et disposent d&rsquo;un open space pour travailler) dans le laboratoire d&rsquo;astrophysique local, soit le <a rel=\"noreferrer noopener\" aria-label=\"Centre de Recherche Astrophysique de Lyon (ouverture dans un nouvel onglet)\" href=\"https:\/\/cral.univ-lyon1.fr\" target=\"_blank\">Centre de Recherche Astrophysique de Lyon<\/a>, soit le <a rel=\"noreferrer noopener\" href=\"https:\/\/www.lupm.in2p3.fr\" target=\"_blank\">Laboratoire Univers et Particules de Montpellier<\/a>, dans lequel ils peuvent interagir plus largement avec les chercheurs et enseignants-chercheurs. L&rsquo;ensemble des \u00e9tudiants se retrouve sur le terrain pour une semaine d&rsquo;atelier d&rsquo;observation \u00e0 l&rsquo;<a rel=\"noreferrer noopener\" aria-label=\"Observatoire de Haute-Provence (ouverture dans un nouvel onglet)\" href=\"http:\/\/www.obs-hp.fr\/\" target=\"_blank\">Observatoire de Haute-Provence<\/a>.<\/p>\n\n\n\n<p>L&rsquo;ann\u00e9e de M2 est compos\u00e9e de trois blocs. Les UE sont compensables au sein d&rsquo;un bloc mais les blocs ne sont pas compensables entre eux.<\/p>\n\n\n\n<h2 class=\"wp-block-heading\">Bloc fondamental<\/h2>\n\n\n\n<p>Le bloc fondamental (30 ECTS) est constitu\u00e9 par une liste de sept UE de 3 ou 6 ECTS dans le domaine de l&rsquo;astrophysique : <a rel=\"noreferrer noopener\" href=\"https:\/\/master-astrophysique.univ-lyon1.fr\/index.php\/transfert-de-rayonnement-et-atmospheres-stellaires\/\" target=\"_blank\">transfert de rayonnement et atmosph\u00e8res stellaires<\/a> (3 ECTS), <a rel=\"noreferrer noopener\" href=\"https:\/\/master-astrophysique.univ-lyon1.fr\/index.php\/structure-et-evolution-stellaires\/\" target=\"_blank\">structure et \u00e9volution stellaires<\/a> (3 ECTS), <a rel=\"noreferrer noopener\" href=\"https:\/\/master-astrophysique.univ-lyon1.fr\/index.php\/cosmologie-observationnelle\/\" target=\"_blank\">cosmologie observationnelle<\/a> (3 ECTS), <a rel=\"noreferrer noopener\" href=\"https:\/\/master-astrophysique.univ-lyon1.fr\/index.php\/formation-et-evolution-des-galaxies\/\" target=\"_blank\">formation et \u00e9volution des galaxies<\/a> (6 ECTS), <a rel=\"noreferrer noopener\" href=\"https:\/\/master-astrophysique.univ-lyon1.fr\/index.php\/formation-des-etoiles-et-des-systemes-planetaires\/\" target=\"_blank\">formation des \u00e9toiles et des syst\u00e8mes plan\u00e9taires<\/a> (6 ECTS), <a rel=\"noreferrer noopener\" href=\"https:\/\/master-astrophysique.univ-lyon1.fr\/index.php\/milieu-interstellaire\/\" target=\"_blank\">milieu interstellaire<\/a> (3 ECTS), et <a rel=\"noreferrer noopener\" href=\"https:\/\/master-astrophysique.univ-lyon1.fr\/index.php\/instrumentation-astrophysique\/\" target=\"_blank\">instrumentation astrophysique<\/a> (6 ECTS).<\/p>\n\n\n\n<figure class=\"wp-block-image size-large is-resized\"><img loading=\"lazy\" decoding=\"async\" src=\"https:\/\/master-astrophysique.univ-lyon1.fr\/wp-content\/uploads\/M2_blocF_2022-2026-1024x185.png\" alt=\"\" class=\"wp-image-691\" width=\"683\" height=\"123\" srcset=\"https:\/\/master-astrophysique.univ-lyon1.fr\/wp-content\/uploads\/M2_blocF_2022-2026-1024x185.png 1024w, https:\/\/master-astrophysique.univ-lyon1.fr\/wp-content\/uploads\/M2_blocF_2022-2026-300x54.png 300w, https:\/\/master-astrophysique.univ-lyon1.fr\/wp-content\/uploads\/M2_blocF_2022-2026-768x138.png 768w, https:\/\/master-astrophysique.univ-lyon1.fr\/wp-content\/uploads\/M2_blocF_2022-2026-1536x277.png 1536w, https:\/\/master-astrophysique.univ-lyon1.fr\/wp-content\/uploads\/M2_blocF_2022-2026.png 1952w\" sizes=\"auto, (max-width: 683px) 100vw, 683px\" \/><\/figure>\n\n\n\n<h2 class=\"wp-block-heading\">Bloc professionnalisant<\/h2>\n\n\n\n<p>Le bloc professionnalisant (9 ECTS) comporte une UE <a rel=\"noreferrer noopener\" href=\"https:\/\/master-astrophysique.univ-lyon1.fr\/index.php\/atelier-dastrophysique-observationnelle\/\" target=\"_blank\">projet astrophysique observationnelle comportant un atelier d&rsquo;une semaine \u00e0 l&rsquo;Observatoire de&nbsp;Haute-Provence<\/a> (4 ECTS), un <a rel=\"noreferrer noopener\" href=\"https:\/\/master-astrophysique.univ-lyon1.fr\/index.php\/projet-numerique\/\" target=\"_blank\">projet num\u00e9rique<\/a> (3 ECTS), et une UE d&rsquo;anglais (<a rel=\"noreferrer noopener\" href=\"http:\/\/offre-de-formations.univ-lyon1.fr\/ue-17027-1243%2Fanglais-pour-la-communication-professionnelle-niveau-2.html\" target=\"_blank\">anglais pour la communication professionnelle niveau 2<\/a> \u00e0 Lyon et <a rel=\"noreferrer noopener\" href=\"https:\/\/formations.umontpellier.fr\/fr\/formations\/master-XB\/master-physique-fondamentale-et-applications-ME155\/astrophysique-IWVYR3WU\/m2-astrophysique-KK6OUU8U\/anglais-m2-pfa-KNR66P3M.html\" target=\"_blank\">anglais M2 PFA<\/a> \u00e0 Montpellier, 2 ECTS).<\/p>\n\n\n\n<figure class=\"wp-block-image size-full is-resized\"><img loading=\"lazy\" decoding=\"async\" src=\"https:\/\/master-astrophysique.univ-lyon1.fr\/wp-content\/uploads\/M2_blocP_2022-2026.png\" alt=\"\" class=\"wp-image-694\" width=\"206\" height=\"123\" srcset=\"https:\/\/master-astrophysique.univ-lyon1.fr\/wp-content\/uploads\/M2_blocP_2022-2026.png 588w, https:\/\/master-astrophysique.univ-lyon1.fr\/wp-content\/uploads\/M2_blocP_2022-2026-300x180.png 300w\" sizes=\"auto, (max-width: 206px) 100vw, 206px\" \/><\/figure>\n\n\n\n<h2 class=\"wp-block-heading\">Bloc stage<\/h2>\n\n\n\n<p>Le bloc stage ne comporte que le <a rel=\"noreferrer noopener\" href=\"https:\/\/master-astrophysique.univ-lyon1.fr\/index.php\/stage-de-recherche\/\" target=\"_blank\">stage de recherche<\/a> en laboratoire d&rsquo;une dur\u00e9e de 4 mois (21 ECTS).<br><\/p>\n\n\n\n<figure class=\"wp-block-image size-large is-resized\"><img loading=\"lazy\" decoding=\"async\" src=\"https:\/\/master-astrophysique.univ-lyon1.fr\/wp-content\/uploads\/M2_blocS_2022-2026-1024x264.png\" alt=\"\" class=\"wp-image-692\" width=\"478\" height=\"123\" srcset=\"https:\/\/master-astrophysique.univ-lyon1.fr\/wp-content\/uploads\/M2_blocS_2022-2026-1024x264.png 1024w, https:\/\/master-astrophysique.univ-lyon1.fr\/wp-content\/uploads\/M2_blocS_2022-2026-300x77.png 300w, https:\/\/master-astrophysique.univ-lyon1.fr\/wp-content\/uploads\/M2_blocS_2022-2026-768x198.png 768w, https:\/\/master-astrophysique.univ-lyon1.fr\/wp-content\/uploads\/M2_blocS_2022-2026.png 1367w\" sizes=\"auto, (max-width: 478px) 100vw, 478px\" \/><\/figure>\n\n\n\n<p>Les UE sont dispens\u00e9es en fran\u00e7ais mais sont susceptibles d&rsquo;accueillir des \u00e9tudiants non francophones en adaptant les enseignements et les documents de cours en anglais.<\/p>\n\n\n\n<p><br><\/p>\n\n\n\n<div class=\"wp-block-image\"><figure class=\"aligncenter\"><img loading=\"lazy\" decoding=\"async\" width=\"1000\" height=\"120\" src=\"https:\/\/master-astrophysique.univ-lyon1.fr\/wp-content\/uploads\/2019\/02\/UCBL-UM.png\" alt=\"\" class=\"wp-image-289\" srcset=\"https:\/\/master-astrophysique.univ-lyon1.fr\/wp-content\/uploads\/2019\/02\/UCBL-UM.png 1000w, https:\/\/master-astrophysique.univ-lyon1.fr\/wp-content\/uploads\/2019\/02\/UCBL-UM-300x36.png 300w, https:\/\/master-astrophysique.univ-lyon1.fr\/wp-content\/uploads\/2019\/02\/UCBL-UM-768x92.png 768w\" sizes=\"auto, (max-width: 706px) 89vw, (max-width: 767px) 82vw, 740px\" \/><\/figure><\/div>\n","protected":false},"excerpt":{"rendered":"<p>La deuxi\u00e8me ann\u00e9e du master est commune entre l&rsquo;Universit\u00e9 Claude Bernard Lyon 1 et l&rsquo;Universit\u00e9 de Montpellier. Certaines UE sont dispens\u00e9es par un(e) enseignant(e) de Lyon, d&rsquo;autres par un(e) enseignant(e) de Montpellier. Les \u00e9tudiants inscrits dans chaque site suivent les enseignements soit en pr\u00e9sentiel, soit par visioconf\u00e9rence, selon la localisation de l&rsquo;enseignant(e). Il est important &hellip; <\/p>\n<p class=\"link-more\"><a href=\"https:\/\/master-astrophysique.univ-lyon1.fr\/index.php\/m2-commun\/\" class=\"more-link\">Continuer la lecture<span class=\"screen-reader-text\"> de &laquo;&nbsp;M2 commun&nbsp;&raquo;<\/span><\/a><\/p>\n","protected":false},"author":1,"featured_media":0,"parent":0,"menu_order":0,"comment_status":"closed","ping_status":"open","template":"","meta":{"footnotes":""},"class_list":["post-37","page","type-page","status-publish","hentry"],"_links":{"self":[{"href":"https:\/\/master-astrophysique.univ-lyon1.fr\/index.php\/wp-json\/wp\/v2\/pages\/37","targetHints":{"allow":["GET"]}}],"collection":[{"href":"https:\/\/master-astrophysique.univ-lyon1.fr\/index.php\/wp-json\/wp\/v2\/pages"}],"about":[{"href":"https:\/\/master-astrophysique.univ-lyon1.fr\/index.php\/wp-json\/wp\/v2\/types\/page"}],"author":[{"embeddable":true,"href":"https:\/\/master-astrophysique.univ-lyon1.fr\/index.php\/wp-json\/wp\/v2\/users\/1"}],"replies":[{"embeddable":true,"href":"https:\/\/master-astrophysique.univ-lyon1.fr\/index.php\/wp-json\/wp\/v2\/comments?post=37"}],"version-history":[{"count":51,"href":"https:\/\/master-astrophysique.univ-lyon1.fr\/index.php\/wp-json\/wp\/v2\/pages\/37\/revisions"}],"predecessor-version":[{"id":712,"href":"https:\/\/master-astrophysique.univ-lyon1.fr\/index.php\/wp-json\/wp\/v2\/pages\/37\/revisions\/712"}],"wp:attachment":[{"href":"https:\/\/master-astrophysique.univ-lyon1.fr\/index.php\/wp-json\/wp\/v2\/media?parent=37"}],"curies":[{"name":"wp","href":"https:\/\/api.w.org\/{rel}","templated":true}]}}