{"id":339,"date":"2019-02-21T18:45:53","date_gmt":"2019-02-21T17:45:53","guid":{"rendered":"https:\/\/master-astrophysique.univ-lyon1.fr\/?page_id=339"},"modified":"2021-09-08T23:41:00","modified_gmt":"2021-09-08T21:41:00","slug":"mentions-legales","status":"publish","type":"page","link":"https:\/\/master-astrophysique.univ-lyon1.fr\/index.php\/mentions-legales\/","title":{"rendered":"Mentions l\u00e9gales"},"content":{"rendered":"\n<p>Directeurs de la publication : Jean-Fran\u00e7ois Gonzalez, Bertrand Plez<\/p>\n\n\n\n<h5 class=\"wp-block-heading\">Conditions d&rsquo;utilisation<\/h5>\n\n\n\n<h6 class=\"wp-block-heading\">Clause de non-responsabilit\u00e9<\/h6>\n\n\n\n<p>La responsabilit\u00e9 de l&rsquo;<a href=\"https:\/\/www.univ-lyon1.fr\" target=\"_blank\" rel=\"noreferrer noopener\">Universit\u00e9 Claude Bernard Lyon 1<\/a> ou de l&rsquo;<a href=\"https:\/\/www.umontpellier.fr\" target=\"_blank\" rel=\"noreferrer noopener\">Universit\u00e9 de Montpellier<\/a> ne peut, en aucune mani\u00e8re, \u00eatre engag\u00e9e quant au contenu des informations figurant sur ce site ou aux cons\u00e9quences pouvant r\u00e9sulter de leur utilisation ou interpr\u00e9tation.<\/p>\n\n\n\n<h6 class=\"wp-block-heading\">Propri\u00e9t\u00e9 intellectuelle<\/h6>\n\n\n\n<p>L&rsquo;ensemble de ce site rel\u00e8ve de la l\u00e9gislation fran\u00e7aise et internationale sur le droit d&rsquo;auteur et la propri\u00e9t\u00e9 intellectuelle.&nbsp;Tous les droits de reproduction sont r\u00e9serv\u00e9s, y compris pour les documents t\u00e9l\u00e9chargeables et les repr\u00e9sentations iconographiques et photographiques.&nbsp;La reproduction de tout ou partie de ce site sur un support \u00e9lectronique quel qu&rsquo;il soit est formellement interdite sauf autorisation expresse du directeur de la publication.<\/p>\n\n\n\n<h6 class=\"wp-block-heading\">Liens hypertextes<\/h6>\n\n\n\n<p>La mise en place de liens hypertextes par des tiers vers des pages ou des documents diffus\u00e9s sur ce site est autoris\u00e9e sous r\u00e9serve que les liens ne contreviennent pas aux int\u00e9r\u00eats de l&rsquo;<a href=\"https:\/\/www.univ-lyon1.fr\" target=\"_blank\" rel=\"noreferrer noopener\">Universit\u00e9 Claude Bernard Lyon 1<\/a> ou de l&rsquo;<a href=\"https:\/\/www.umontpellier.fr\" target=\"_blank\" rel=\"noreferrer noopener\">Universit\u00e9 de Montpellier<\/a> et qu&rsquo;ils garantissent la possibilit\u00e9 pour l&rsquo;utilisateur d&rsquo;identifier l&rsquo;origine et l&rsquo;auteur du document.<\/p>\n\n\n\n<p>Des liens, publi\u00e9s sur le pr\u00e9sent site, vous permettront d\u2019avoir acc\u00e8s \u00e0 d\u2019autres sites internet ne relevant pas de notre responsabilit\u00e9. L\u2019acc\u00e8s \u00e0 ces sites, qui ne sont pas sous notre contr\u00f4le, se fait \u00e0 vos propres risques.<\/p>\n\n\n\n<h5 class=\"wp-block-heading\">Protection des donn\u00e9es \u00e0 caract\u00e8re personnel<\/h5>\n\n\n\n<p>Aucune donn\u00e9e personnelle n&rsquo;est enregistr\u00e9e sur ce site.<\/p>\n\n\n\n<h5 class=\"wp-block-heading\">Cr\u00e9dits images<\/h5>\n\n\n\n<p>\u00a9 <a href=\"https:\/\/www.eso.org\/\" target=\"_blank\" rel=\"noreferrer noopener\">ESO<\/a>, <a href=\"https:\/\/www.nasa.gov\" target=\"_blank\" rel=\"noreferrer noopener\">NASA<\/a>\/<a href=\"http:\/\/www.esa.int\/\" target=\"_blank\" rel=\"noreferrer noopener\">ESA<\/a>, <a href=\"http:\/\/cfht.hawaii.edu\" target=\"_blank\" rel=\"noreferrer noopener\">CFHT<\/a>, <a href=\"http:\/\/www.robgendlerastropics.com\" target=\"_blank\" rel=\"noreferrer noopener\">Robert Gendler<\/a><\/p>\n","protected":false},"excerpt":{"rendered":"<p>Directeurs de la publication : Jean-Fran\u00e7ois Gonzalez, Bertrand Plez Conditions d&rsquo;utilisation Clause de non-responsabilit\u00e9 La responsabilit\u00e9 de l&rsquo;Universit\u00e9 Claude Bernard Lyon 1 ou de l&rsquo;Universit\u00e9 de Montpellier ne peut, en aucune mani\u00e8re, \u00eatre engag\u00e9e quant au contenu des informations figurant sur ce site ou aux cons\u00e9quences pouvant r\u00e9sulter de leur utilisation ou interpr\u00e9tation. Propri\u00e9t\u00e9 intellectuelle &hellip; <\/p>\n<p class=\"link-more\"><a href=\"https:\/\/master-astrophysique.univ-lyon1.fr\/index.php\/mentions-legales\/\" class=\"more-link\">Continuer la lecture<span class=\"screen-reader-text\"> de &laquo;&nbsp;Mentions l\u00e9gales&nbsp;&raquo;<\/span><\/a><\/p>\n","protected":false},"author":1,"featured_media":0,"parent":0,"menu_order":0,"comment_status":"closed","ping_status":"closed","template":"","meta":{"footnotes":""},"class_list":["post-339","page","type-page","status-publish","hentry"],"_links":{"self":[{"href":"https:\/\/master-astrophysique.univ-lyon1.fr\/index.php\/wp-json\/wp\/v2\/pages\/339","targetHints":{"allow":["GET"]}}],"collection":[{"href":"https:\/\/master-astrophysique.univ-lyon1.fr\/index.php\/wp-json\/wp\/v2\/pages"}],"about":[{"href":"https:\/\/master-astrophysique.univ-lyon1.fr\/index.php\/wp-json\/wp\/v2\/types\/page"}],"author":[{"embeddable":true,"href":"https:\/\/master-astrophysique.univ-lyon1.fr\/index.php\/wp-json\/wp\/v2\/users\/1"}],"replies":[{"embeddable":true,"href":"https:\/\/master-astrophysique.univ-lyon1.fr\/index.php\/wp-json\/wp\/v2\/comments?post=339"}],"version-history":[{"count":9,"href":"https:\/\/master-astrophysique.univ-lyon1.fr\/index.php\/wp-json\/wp\/v2\/pages\/339\/revisions"}],"predecessor-version":[{"id":590,"href":"https:\/\/master-astrophysique.univ-lyon1.fr\/index.php\/wp-json\/wp\/v2\/pages\/339\/revisions\/590"}],"wp:attachment":[{"href":"https:\/\/master-astrophysique.univ-lyon1.fr\/index.php\/wp-json\/wp\/v2\/media?parent=339"}],"curies":[{"name":"wp","href":"https:\/\/api.w.org\/{rel}","templated":true}]}}