{"id":213,"date":"2019-02-14T16:46:26","date_gmt":"2019-02-14T15:46:26","guid":{"rendered":"https:\/\/master-astrophysique.univ-lyon1.fr\/?page_id=213"},"modified":"2021-08-06T16:55:00","modified_gmt":"2021-08-06T14:55:00","slug":"stage-de-recherche","status":"publish","type":"page","link":"https:\/\/master-astrophysique.univ-lyon1.fr\/index.php\/stage-de-recherche\/","title":{"rendered":"Stage de Recherche"},"content":{"rendered":"\n<p>4 mois de stage, 21 ECTS<\/p>\n\n\n\n<p><strong>Responsables :<\/strong> <a href=\"mailto:jean-francois.gonzalez@ens-lyon.fr\">Jean-Fran\u00e7ois Gonzalez<\/a> (Universit\u00e9 Claude Bernard Lyon 1) et <a href=\"mailto:bertrand.plez@umontpellier.fr\">Bertrand Plez<\/a> (Universit\u00e9 de Montpellier)<\/p>\n\n\n\n<p>Stage de 4 mois en laboratoire ayant pour but l\u2019immersion dans le monde de la recherche et la pr\u00e9paration \u00e0 la th\u00e8se. Ce stage peut \u00eatre effectu\u00e9 dans un laboratoire de recherche en France ou \u00e0 l\u2019\u00e9tranger.<\/p>\n\n\n\n<p><strong>Objectifs :<\/strong><\/p>\n\n\n\n<ul class=\"wp-block-list\"><li>Mise en pratique des connaissances pour r\u00e9soudre un questionnement li\u00e9 \u00e0 la recherche en astrophysique<\/li><li>Immersion dans le monde de la recherche<\/li><li>Travail en \u00e9quipe<\/li><li>D\u00e9veloppement des comp\u00e9tences r\u00e9dactionnelles<\/li><li>D\u00e9veloppement des comp\u00e9tences de pr\u00e9sentation orale<\/li><\/ul>\n","protected":false},"excerpt":{"rendered":"<p>4 mois de stage, 21 ECTS Responsables : Jean-Fran\u00e7ois Gonzalez (Universit\u00e9 Claude Bernard Lyon 1) et Bertrand Plez (Universit\u00e9 de Montpellier) Stage de 4 mois en laboratoire ayant pour but l\u2019immersion dans le monde de la recherche et la pr\u00e9paration \u00e0 la th\u00e8se. Ce stage peut \u00eatre effectu\u00e9 dans un laboratoire de recherche en France &hellip; <\/p>\n<p class=\"link-more\"><a href=\"https:\/\/master-astrophysique.univ-lyon1.fr\/index.php\/stage-de-recherche\/\" class=\"more-link\">Continuer la lecture<span class=\"screen-reader-text\"> de &laquo;&nbsp;Stage de Recherche&nbsp;&raquo;<\/span><\/a><\/p>\n","protected":false},"author":1,"featured_media":0,"parent":0,"menu_order":0,"comment_status":"closed","ping_status":"closed","template":"","meta":{"footnotes":""},"class_list":["post-213","page","type-page","status-publish","hentry"],"_links":{"self":[{"href":"https:\/\/master-astrophysique.univ-lyon1.fr\/index.php\/wp-json\/wp\/v2\/pages\/213","targetHints":{"allow":["GET"]}}],"collection":[{"href":"https:\/\/master-astrophysique.univ-lyon1.fr\/index.php\/wp-json\/wp\/v2\/pages"}],"about":[{"href":"https:\/\/master-astrophysique.univ-lyon1.fr\/index.php\/wp-json\/wp\/v2\/types\/page"}],"author":[{"embeddable":true,"href":"https:\/\/master-astrophysique.univ-lyon1.fr\/index.php\/wp-json\/wp\/v2\/users\/1"}],"replies":[{"embeddable":true,"href":"https:\/\/master-astrophysique.univ-lyon1.fr\/index.php\/wp-json\/wp\/v2\/comments?post=213"}],"version-history":[{"count":4,"href":"https:\/\/master-astrophysique.univ-lyon1.fr\/index.php\/wp-json\/wp\/v2\/pages\/213\/revisions"}],"predecessor-version":[{"id":518,"href":"https:\/\/master-astrophysique.univ-lyon1.fr\/index.php\/wp-json\/wp\/v2\/pages\/213\/revisions\/518"}],"wp:attachment":[{"href":"https:\/\/master-astrophysique.univ-lyon1.fr\/index.php\/wp-json\/wp\/v2\/media?parent=213"}],"curies":[{"name":"wp","href":"https:\/\/api.w.org\/{rel}","templated":true}]}}