{"id":210,"date":"2019-02-14T16:40:47","date_gmt":"2019-02-14T15:40:47","guid":{"rendered":"https:\/\/master-astrophysique.univ-lyon1.fr\/?page_id=210"},"modified":"2021-08-06T16:45:38","modified_gmt":"2021-08-06T14:45:38","slug":"atelier-dastrophysique-observationnelle","status":"publish","type":"page","link":"https:\/\/master-astrophysique.univ-lyon1.fr\/index.php\/atelier-dastrophysique-observationnelle\/","title":{"rendered":"Projet d&rsquo;Astrophysique Observationnelle"},"content":{"rendered":"\n<p>36h de TP, 3 ECTS<\/p>\n\n\n\n<p><strong>Responsables :<\/strong> <a href=\"mailto:julien.morin@umontpellier.fr\">Julien Morin<\/a> et <a href=\"mailto:bertrand.plez@umontpellier.fr\">Bertrand Plez<\/a> (Universit\u00e9 de Montpellier)<\/p>\n\n\n\n<p>Au cours de cette UE, les \u00e9tudiants doivent mener \u00e0 bien toutes les \u00e9tapes d\u2019une \u00e9tude astrophysique observationnelle. Depuis la d\u00e9finition des observations spectroscopiques ou photom\u00e9triques \u00e0 mener au cours d\u2019un s\u00e9jour de 4 nuits \u00e0 l\u2019Observatoire de Haute-Provence, jusqu\u2019\u00e0 la mod\u00e9lisation et la discussion critique de leurs mesures et la r\u00e9daction d\u2019un rapport scientifique, les \u00e9tudiants sont acteurs de cet enseignement.<\/p>\n\n\n\n<p><strong>Objectifs :<\/strong><\/p>\n\n\n\n<ul class=\"wp-block-list\"><li>D\u00e9finir pr\u00e9cis\u00e9ment les objectifs du projet choisi et les m\u00e9thodes \u00e0 mettre en \u0153uvre<\/li><li>Planifier et pr\u00e9parer les observations requises pour mener \u00e0 bien le projet<\/li><li>Mettre en \u0153uvre le programme d&rsquo;observation et l\u2019adapter aux conditions rencontr\u00e9es<\/li><li>Calibrer les donn\u00e9es brutes pour obtenir des donn\u00e9es exploitables scientifiquement<\/li><li>Proposer une mod\u00e9lisation et une interpr\u00e9tation astrophysique des donn\u00e9es r\u00e9pondant aux buts fix\u00e9s<\/li><li>Exploiter \u00e0 bon escient des ressources bibliographiques et des bases de donn\u00e9es<\/li><li>R\u00e9diger un rapport respectant les standards de la litt\u00e9rature scientifique<\/li><\/ul>\n\n\n\n<p><strong>Contenu :<\/strong><\/p>\n\n\n\n<p>Pendant tout le semestre les \u00e9tudiants travaillent en groupe sur un projet qu\u2019ils ont choisi parmi un ensemble de sujets propos\u00e9s. En se basant sur les ressources bibliographiques indiqu\u00e9es, leur propres recherches ainsi que sur de fr\u00e9quents \u00e9changes avec les enseignants, il doivent mener \u00e0 bien une \u00e9tude d\u2019astrophysique observationnelle exploitant les t\u00e9lescopes et instruments mis \u00e0 leur disposition \u00e0 l\u2019Observatoire de Haute-Provence. Les \u00e9tudiants r\u00e9alisent ainsi un travail de recherche se basant sur des outils professionnels et aboutissant \u00e0 la r\u00e9daction d\u2019un rapport aux normes de la litt\u00e9rature scientifique.<\/p>\n","protected":false},"excerpt":{"rendered":"<p>36h de TP, 3 ECTS Responsables : Julien Morin et Bertrand Plez (Universit\u00e9 de Montpellier) Au cours de cette UE, les \u00e9tudiants doivent mener \u00e0 bien toutes les \u00e9tapes d\u2019une \u00e9tude astrophysique observationnelle. Depuis la d\u00e9finition des observations spectroscopiques ou photom\u00e9triques \u00e0 mener au cours d\u2019un s\u00e9jour de 4 nuits \u00e0 l\u2019Observatoire de Haute-Provence, jusqu\u2019\u00e0 &hellip; <\/p>\n<p class=\"link-more\"><a href=\"https:\/\/master-astrophysique.univ-lyon1.fr\/index.php\/atelier-dastrophysique-observationnelle\/\" class=\"more-link\">Continuer la lecture<span class=\"screen-reader-text\"> de &laquo;&nbsp;Projet d&rsquo;Astrophysique Observationnelle&nbsp;&raquo;<\/span><\/a><\/p>\n","protected":false},"author":1,"featured_media":0,"parent":0,"menu_order":0,"comment_status":"closed","ping_status":"closed","template":"","meta":{"footnotes":""},"class_list":["post-210","page","type-page","status-publish","hentry"],"_links":{"self":[{"href":"https:\/\/master-astrophysique.univ-lyon1.fr\/index.php\/wp-json\/wp\/v2\/pages\/210","targetHints":{"allow":["GET"]}}],"collection":[{"href":"https:\/\/master-astrophysique.univ-lyon1.fr\/index.php\/wp-json\/wp\/v2\/pages"}],"about":[{"href":"https:\/\/master-astrophysique.univ-lyon1.fr\/index.php\/wp-json\/wp\/v2\/types\/page"}],"author":[{"embeddable":true,"href":"https:\/\/master-astrophysique.univ-lyon1.fr\/index.php\/wp-json\/wp\/v2\/users\/1"}],"replies":[{"embeddable":true,"href":"https:\/\/master-astrophysique.univ-lyon1.fr\/index.php\/wp-json\/wp\/v2\/comments?post=210"}],"version-history":[{"count":4,"href":"https:\/\/master-astrophysique.univ-lyon1.fr\/index.php\/wp-json\/wp\/v2\/pages\/210\/revisions"}],"predecessor-version":[{"id":512,"href":"https:\/\/master-astrophysique.univ-lyon1.fr\/index.php\/wp-json\/wp\/v2\/pages\/210\/revisions\/512"}],"wp:attachment":[{"href":"https:\/\/master-astrophysique.univ-lyon1.fr\/index.php\/wp-json\/wp\/v2\/media?parent=210"}],"curies":[{"name":"wp","href":"https:\/\/api.w.org\/{rel}","templated":true}]}}