{"id":207,"date":"2019-02-14T16:37:58","date_gmt":"2019-02-14T15:37:58","guid":{"rendered":"https:\/\/master-astrophysique.univ-lyon1.fr\/?page_id=207"},"modified":"2021-12-28T15:31:03","modified_gmt":"2021-12-28T14:31:03","slug":"projet-numerique","status":"publish","type":"page","link":"https:\/\/master-astrophysique.univ-lyon1.fr\/index.php\/projet-numerique\/","title":{"rendered":"Projet Num\u00e9rique"},"content":{"rendered":"\n<p>3h de cours, 33h de TP, 3 ECTS<\/p>\n\n\n\n<p><strong>Responsable :<\/strong> <a href=\"mailto:ana.palacios@umontpellier.fr\">Ana Palacios<\/a> (Universit\u00e9 de Montpellier)<\/p>\n\n\n\n<p>La recherche en astrophysique se base sur des approches diverses (observations, th\u00e9orie, mod\u00e9lisation, simulation) qui ont toutes en commun d\u2019utiliser des outils num\u00e9riques avanc\u00e9s. Afin de pr\u00e9parer au mieux les \u00e9tudiants du M2 Astrophysique \u00e0 une activit\u00e9 de recherche, ce module leur propose dans un cadre diff\u00e9rent de celui du stage, de mener un travail num\u00e9rique individuel tuteur\u00e9 sur un projet propos\u00e9 par un tuteur\/une tutrice portant sur l\u2019utilisation et\/ou le d\u00e9veloppement d\u2019un code de niveau professionnel pour r\u00e9pondre \u00e0 une question astrophysique pr\u00e9cise.<\/p>\n\n\n\n<p><strong>Objectifs :<\/strong><\/p>\n\n\n\n<ol class=\"wp-block-list\"><li>Apprendre \u00e0 utiliser l\u2019outil num\u00e9rique au service de la recherche<\/li><li>Se familiariser avec des codes de niveau professionnel et savoir les prendre en main, et les utiliser pour r\u00e9soudre un probl\u00e8me astrophysique concret<\/li><li>\u00catre capable de comprendre et interpr\u00e9ter les r\u00e9sultats num\u00e9riques obtenus en s\u2019appuyant sur des visualisations pertinentes<\/li><\/ol>\n\n\n\n<p><\/p>\n","protected":false},"excerpt":{"rendered":"<p>3h de cours, 33h de TP, 3 ECTS Responsable : Ana Palacios (Universit\u00e9 de Montpellier) La recherche en astrophysique se base sur des approches diverses (observations, th\u00e9orie, mod\u00e9lisation, simulation) qui ont toutes en commun d\u2019utiliser des outils num\u00e9riques avanc\u00e9s. Afin de pr\u00e9parer au mieux les \u00e9tudiants du M2 Astrophysique \u00e0 une activit\u00e9 de recherche, ce &hellip; <\/p>\n<p class=\"link-more\"><a href=\"https:\/\/master-astrophysique.univ-lyon1.fr\/index.php\/projet-numerique\/\" class=\"more-link\">Continuer la lecture<span class=\"screen-reader-text\"> de &laquo;&nbsp;Projet Num\u00e9rique&nbsp;&raquo;<\/span><\/a><\/p>\n","protected":false},"author":1,"featured_media":0,"parent":0,"menu_order":0,"comment_status":"closed","ping_status":"closed","template":"","meta":{"footnotes":""},"class_list":["post-207","page","type-page","status-publish","hentry"],"_links":{"self":[{"href":"https:\/\/master-astrophysique.univ-lyon1.fr\/index.php\/wp-json\/wp\/v2\/pages\/207","targetHints":{"allow":["GET"]}}],"collection":[{"href":"https:\/\/master-astrophysique.univ-lyon1.fr\/index.php\/wp-json\/wp\/v2\/pages"}],"about":[{"href":"https:\/\/master-astrophysique.univ-lyon1.fr\/index.php\/wp-json\/wp\/v2\/types\/page"}],"author":[{"embeddable":true,"href":"https:\/\/master-astrophysique.univ-lyon1.fr\/index.php\/wp-json\/wp\/v2\/users\/1"}],"replies":[{"embeddable":true,"href":"https:\/\/master-astrophysique.univ-lyon1.fr\/index.php\/wp-json\/wp\/v2\/comments?post=207"}],"version-history":[{"count":3,"href":"https:\/\/master-astrophysique.univ-lyon1.fr\/index.php\/wp-json\/wp\/v2\/pages\/207\/revisions"}],"predecessor-version":[{"id":650,"href":"https:\/\/master-astrophysique.univ-lyon1.fr\/index.php\/wp-json\/wp\/v2\/pages\/207\/revisions\/650"}],"wp:attachment":[{"href":"https:\/\/master-astrophysique.univ-lyon1.fr\/index.php\/wp-json\/wp\/v2\/media?parent=207"}],"curies":[{"name":"wp","href":"https:\/\/api.w.org\/{rel}","templated":true}]}}