{"id":203,"date":"2019-02-14T16:34:07","date_gmt":"2019-02-14T15:34:07","guid":{"rendered":"https:\/\/master-astrophysique.univ-lyon1.fr\/?page_id=203"},"modified":"2021-12-24T17:46:32","modified_gmt":"2021-12-24T16:46:32","slug":"milieu-interstellaire","status":"publish","type":"page","link":"https:\/\/master-astrophysique.univ-lyon1.fr\/index.php\/milieu-interstellaire\/","title":{"rendered":"Milieu Interstellaire"},"content":{"rendered":"\n<p>18h de cours, 3 ECTS<\/p>\n\n\n\n<p><strong>Responsables :<\/strong> <a href=\"eric.josselin@umontpellier.fr\">Eric Josselin<\/a>, Alexandre Marcowith (Universit\u00e9 de Montpellier)<\/p>\n\n\n\n<p>Cette UE permet d\u2019acqu\u00e9rir des notions sur les processus physico-chimiques importants pour le milieu interstellaire (processus dynamiques, thermiques et chimiques) ainsi que sur les diagnostics observationnels associ\u00e9s (spectroscopie mol\u00e9culaire, radioastronomie). Les principales phases du milieu interstellaire (phases ionis\u00e9e, atomique et mol\u00e9culaire) sont \u00e9galement pr\u00e9sent\u00e9es.<\/p>\n\n\n\n<p><strong>Objectifs  :<\/strong><\/p>\n\n\n\n<p>Connaissance des processus physico-chimiques importants dans les milieux tr\u00e8s dilu\u00e9s<br>Connaissance des diff\u00e9rentes phases du milieu interstellaire<br>Initiation \u00e0 la radioastronomie<\/p>\n\n\n\n<p><strong>Contenu :<\/strong><\/p>\n\n\n\n<ul class=\"wp-block-list\"><li>Introduction : pr\u00e9sentation des caract\u00e9ristiques g\u00e9n\u00e9rales du milieu interstellaire<\/li><li>Processus fondamentaux en physique atomique et mol\u00e9culaire pour l\u2019astrophysique : coefficients d\u2019Einstein \u2013 excitation collisionnelle (collisions in\u00e9lastiques) \u2013 \u00e9quilibre statistique \u2013 rotation et vibration des mol\u00e9cules<\/li><li>Phases du milieu interstellaire : r\u00e9gion H II \u2013 milieu atomique froid \u2013 nuages mol\u00e9culaires<\/li><li>Astrochimie : G\u00e9n\u00e9ralit\u00e9s \u2013 Introduction \u00e0 la dynamique r\u00e9actionnelle \u2013 Chimie en phase gaz (r\u00e9actions bimol\u00e9culaires neutre-neutre, ion-mol\u00e9cule,\u2026) \u2013 Chimie \u00e0 la surface de solides (grains, glaces) \u2013 Chimie pr\u00e9biotique<\/li><li>Poussi\u00e8res interstellaires<\/li><li>R\u00e9gions de photodissociation : processus thermiques et dynamiques<\/li><li>Radioastronomie<\/li><\/ul>\n\n\n\n<p><\/p>\n","protected":false},"excerpt":{"rendered":"<p>18h de cours, 3 ECTS Responsables : Eric Josselin, Alexandre Marcowith (Universit\u00e9 de Montpellier) Cette UE permet d\u2019acqu\u00e9rir des notions sur les processus physico-chimiques importants pour le milieu interstellaire (processus dynamiques, thermiques et chimiques) ainsi que sur les diagnostics observationnels associ\u00e9s (spectroscopie mol\u00e9culaire, radioastronomie). Les principales phases du milieu interstellaire (phases ionis\u00e9e, atomique et mol\u00e9culaire) &hellip; <\/p>\n<p class=\"link-more\"><a href=\"https:\/\/master-astrophysique.univ-lyon1.fr\/index.php\/milieu-interstellaire\/\" class=\"more-link\">Continuer la lecture<span class=\"screen-reader-text\"> de &laquo;&nbsp;Milieu Interstellaire&nbsp;&raquo;<\/span><\/a><\/p>\n","protected":false},"author":1,"featured_media":0,"parent":0,"menu_order":0,"comment_status":"closed","ping_status":"closed","template":"","meta":{"footnotes":""},"class_list":["post-203","page","type-page","status-publish","hentry"],"_links":{"self":[{"href":"https:\/\/master-astrophysique.univ-lyon1.fr\/index.php\/wp-json\/wp\/v2\/pages\/203","targetHints":{"allow":["GET"]}}],"collection":[{"href":"https:\/\/master-astrophysique.univ-lyon1.fr\/index.php\/wp-json\/wp\/v2\/pages"}],"about":[{"href":"https:\/\/master-astrophysique.univ-lyon1.fr\/index.php\/wp-json\/wp\/v2\/types\/page"}],"author":[{"embeddable":true,"href":"https:\/\/master-astrophysique.univ-lyon1.fr\/index.php\/wp-json\/wp\/v2\/users\/1"}],"replies":[{"embeddable":true,"href":"https:\/\/master-astrophysique.univ-lyon1.fr\/index.php\/wp-json\/wp\/v2\/comments?post=203"}],"version-history":[{"count":5,"href":"https:\/\/master-astrophysique.univ-lyon1.fr\/index.php\/wp-json\/wp\/v2\/pages\/203\/revisions"}],"predecessor-version":[{"id":638,"href":"https:\/\/master-astrophysique.univ-lyon1.fr\/index.php\/wp-json\/wp\/v2\/pages\/203\/revisions\/638"}],"wp:attachment":[{"href":"https:\/\/master-astrophysique.univ-lyon1.fr\/index.php\/wp-json\/wp\/v2\/media?parent=203"}],"curies":[{"name":"wp","href":"https:\/\/api.w.org\/{rel}","templated":true}]}}