{"id":2,"date":"2019-01-30T16:24:29","date_gmt":"2019-01-30T15:24:29","guid":{"rendered":"https:\/\/master-astrophysique.univ-lyon1.fr\/?page_id=2"},"modified":"2022-04-20T15:28:00","modified_gmt":"2022-04-20T13:28:00","slug":"m1-a-lyon","status":"publish","type":"page","link":"https:\/\/master-astrophysique.univ-lyon1.fr\/index.php\/m1-a-lyon\/","title":{"rendered":"M1 \u00e0 Lyon"},"content":{"rendered":"\n<h2 class=\"wp-block-heading\">Semestre 1<\/h2>\n\n\n\n<p>Le premier semestre de l&rsquo;ann\u00e9e de M1 est constitu\u00e9 d\u2019un tronc commun \u00e0 tous les parcours du master, et d\u2019une partie sp\u00e9cifique selon la pr\u00e9-orientation choisie (voie Physique Fondamentale ou Physique Appliqu\u00e9e). Il apporte les bases que tout \u00e9tudiant issu d&rsquo;un tel master doit poss\u00e9der. Le tronc commun (18 ECTS) comporte deux unit\u00e9s d&rsquo;enseignement (UE) th\u00e9matiques de 6 ECTS :\u00a0 <a rel=\"noreferrer noopener\" aria-label=\" (ouverture dans un nouvel onglet)\" href=\"http:\/\/offre-de-formations.univ-lyon1.fr\/ue-9311-1243%2Fphysique-des-milieux-condenses.html\" target=\"_blank\">physique des milieux condens\u00e9s<\/a> \/ <a rel=\"noreferrer noopener\" aria-label=\" (ouverture dans un nouvel onglet)\" href=\"http:\/\/offre-de-formations.univ-lyon1.fr\/ue-7963-1243%2Fphysics-of-condensed-systems.html\" target=\"_blank\">physics of condensed systems<\/a> et <a rel=\"noreferrer noopener\" aria-label=\" (ouverture dans un nouvel onglet)\" href=\"http:\/\/offre-de-formations.univ-lyon1.fr\/ue-17103-1243%2Felectromagnetisme-et-matiere.html\" target=\"_blank\">\u00e9lectromagn\u00e9tisme et mati\u00e8re<\/a> \/ <a rel=\"noreferrer noopener\" aria-label=\" (ouverture dans un nouvel onglet)\" href=\"http:\/\/offre-de-formations.univ-lyon1.fr\/ue-17106-1243%2Felectromagnetism-and-matter.html\" target=\"_blank\">electromagnetism and matter<\/a>. Ces UE sont dispens\u00e9es en Fran\u00e7ais et en Anglais. S&rsquo;ajoutent une UE de pr\u00e9paration \u00e0 l&rsquo;insertion professionnelle (3 ECTS, constitu\u00e9e d&rsquo;un module <a rel=\"noreferrer noopener\" aria-label=\" (ouverture dans un nouvel onglet)\" href=\"http:\/\/offre-de-formations.univ-lyon1.fr\/ue-19089-1243%2Fconnaissance-de-l%27environnement-professionnel.html\" target=\"_blank\">connaissance de l&rsquo;environnement professionnel<\/a> d&rsquo;1 ECTS et d&rsquo;un module <a rel=\"noreferrer noopener\" aria-label=\" (ouverture dans un nouvel onglet)\" href=\"http:\/\/offre-de-formations.univ-lyon1.fr\/ue-19195-1243%2Ftrip---rechercher-un-stage-un-emploi.html\" target=\"_blank\">TrIP &#8211; rechercher un stage, un emploi<\/a> de 2 ECTS) et une UE d&rsquo;<a rel=\"noreferrer noopener\" aria-label=\" (ouverture dans un nouvel onglet)\" href=\"http:\/\/offre-de-formations.univ-lyon1.fr\/ue-17026-1243%2Fanglais-pour-la-communication-professionnelle-niveau-1.html\" target=\"_blank\">anglais pour la communication professionnelle niveau 1<\/a> (3 ECTS). Pour la partie sp\u00e9cifique au parcours astrophysique (12 ECTS), il est obligatoire de choisir la voie Physique Fondamentale, qui comporte deux autres UE th\u00e9matiques de 6 ECTS : <a rel=\"noreferrer noopener\" href=\"http:\/\/offre-de-formations.univ-lyon1.fr\/ue-17102-1243%2Fmecanique-quantique-et-applications.html\" target=\"_blank\">m\u00e9canique quantique et applications<\/a> \/ <a rel=\"noreferrer noopener\" href=\"http:\/\/offre-de-formations.univ-lyon1.fr\/ue-17105-1243%2Fquantum-mechanics-and-applications.html\" target=\"_blank\">quantum mechanics and applications<\/a> et <a rel=\"noreferrer noopener\" href=\"http:\/\/offre-de-formations.univ-lyon1.fr\/ue-9289-1243%2Fphysiques-des-milieux-continus.html\" target=\"_blank\">physique des milieux continus<\/a> \/ <a rel=\"noreferrer noopener\" href=\"http:\/\/offre-de-formations.univ-lyon1.fr\/ue-7962-1243%2Fphysics-of-continuous-media.html\" target=\"_blank\">physics of continuous media<\/a>, \u00e9galement dispens\u00e9es en Fran\u00e7ais et en Anglais.<\/p>\n\n\n\n<figure class=\"wp-block-image size-large\"><img loading=\"lazy\" decoding=\"async\" width=\"1024\" height=\"185\" src=\"https:\/\/master-astrophysique.univ-lyon1.fr\/wp-content\/uploads\/S1_Lyon_2022-2026-1024x185.png\" alt=\"\" class=\"wp-image-685\" srcset=\"https:\/\/master-astrophysique.univ-lyon1.fr\/wp-content\/uploads\/S1_Lyon_2022-2026-1024x185.png 1024w, https:\/\/master-astrophysique.univ-lyon1.fr\/wp-content\/uploads\/S1_Lyon_2022-2026-300x54.png 300w, https:\/\/master-astrophysique.univ-lyon1.fr\/wp-content\/uploads\/S1_Lyon_2022-2026-768x138.png 768w, https:\/\/master-astrophysique.univ-lyon1.fr\/wp-content\/uploads\/S1_Lyon_2022-2026-1536x277.png 1536w, https:\/\/master-astrophysique.univ-lyon1.fr\/wp-content\/uploads\/S1_Lyon_2022-2026.png 1952w\" sizes=\"auto, (max-width: 706px) 89vw, (max-width: 767px) 82vw, 740px\" \/><\/figure>\n\n\n\n<h2 class=\"wp-block-heading\">Semestre 2<\/h2>\n\n\n\n<p>Le deuxi\u00e8me semestre est aussi constitu\u00e9 d\u2019un tronc commun, et d\u2019une partie sp\u00e9cifique au parcours choisi. Le tronc commun (15 ECTS) comporte une UE <a rel=\"noreferrer noopener\" href=\"http:\/\/offre-de-formations.univ-lyon1.fr\/ue-9295-1243%2Fphysique-experimentale.html\" target=\"_blank\">physique exp\u00e9rimentale<\/a> de 6 ECTS pour les travaux pratiques, une UE <a rel=\"noreferrer noopener\" href=\"http:\/\/offre-de-formations.univ-lyon1.fr\/ue-17132-1243%2Fmodelisation-numerique.html\" target=\"_blank\">mod\u00e9lisation num\u00e9rique<\/a> de 3 ECTS et un <a rel=\"noreferrer noopener\" href=\"http:\/\/offre-de-formations.univ-lyon1.fr\/ue-17133-1243%2Fstage-en-milieu-professionnel.html\" target=\"_blank\">stage<\/a> de 6 semaines en laboratoire de recherche comptant 6 ECTS. La partie sp\u00e9cifique au parcours astrophysique (15 ECTS) propose cinq UE de 3 ECTS adapt\u00e9es \u00e0 cette sp\u00e9cialisation : <a rel=\"noreferrer noopener\" href=\"http:\/\/offre-de-formations.univ-lyon1.fr\/ue-9304-1243%2Fastrophysique.html\" target=\"_blank\">astrophysique\u00a0:\u00a0\u00e9volution\u00a0de\u00a0l&rsquo;Univers\u00a0et\u00a0cycle\u00a0des\u00a0\u00e9l\u00e9ments<\/a>, <a rel=\"noreferrer noopener\" aria-label=\" (ouverture dans un nouvel onglet)\" href=\"http:\/\/offre-de-formations.univ-lyon1.fr\/ue-17134-1243%2Fmecanique-quantique-avancee.html\" target=\"_blank\">m\u00e9canique quantique avanc\u00e9e<\/a>, <a rel=\"noreferrer noopener\" href=\"http:\/\/offre-de-formations.univ-lyon1.fr\/ue-17135-1243%2Fphysique-atomique-et-moleculaire.html\" target=\"_blank\">physique atomique et mol\u00e9culaire<\/a>, <a rel=\"noreferrer noopener\" aria-label=\" (ouverture dans un nouvel onglet)\" href=\"http:\/\/offre-de-formations.univ-lyon1.fr\/ue-17136-1243%2Fphysique-statistique-des-systemes-en-interaction.html\" target=\"_blank\">physique statistique des syst\u00e8mes en interaction\u00a0et\u00a0transitions\u00a0de\u00a0phase<\/a>, et <a rel=\"noreferrer noopener\" aria-label=\" (ouverture dans un nouvel onglet)\" href=\"http:\/\/offre-de-formations.univ-lyon1.fr\/ue-9306-1243%2Frelativite-generale.html\" target=\"_blank\">relativit\u00e9 g\u00e9n\u00e9rale<\/a>. Les UE sont dispens\u00e9es en fran\u00e7ais mais sont susceptibles d&rsquo;accueillir des \u00e9tudiants non francophones en adaptant les enseignements et les documents de cours en anglais.<br><\/p>\n\n\n\n<figure class=\"wp-block-image size-large\"><img loading=\"lazy\" decoding=\"async\" width=\"1024\" height=\"185\" src=\"https:\/\/master-astrophysique.univ-lyon1.fr\/wp-content\/uploads\/S2_Lyon_2022-2026-1024x185.png\" alt=\"\" class=\"wp-image-686\" srcset=\"https:\/\/master-astrophysique.univ-lyon1.fr\/wp-content\/uploads\/S2_Lyon_2022-2026-1024x185.png 1024w, https:\/\/master-astrophysique.univ-lyon1.fr\/wp-content\/uploads\/S2_Lyon_2022-2026-300x54.png 300w, https:\/\/master-astrophysique.univ-lyon1.fr\/wp-content\/uploads\/S2_Lyon_2022-2026-768x138.png 768w, https:\/\/master-astrophysique.univ-lyon1.fr\/wp-content\/uploads\/S2_Lyon_2022-2026-1536x277.png 1536w, https:\/\/master-astrophysique.univ-lyon1.fr\/wp-content\/uploads\/S2_Lyon_2022-2026.png 1952w\" sizes=\"auto, (max-width: 706px) 89vw, (max-width: 767px) 82vw, 740px\" \/><\/figure>\n\n\n\n<p><br><\/p>\n\n\n\n<div class=\"wp-block-image\"><figure class=\"aligncenter is-resized\"><img loading=\"lazy\" decoding=\"async\" src=\"https:\/\/master-astrophysique.univ-lyon1.fr\/wp-content\/uploads\/2019\/02\/UCBL.png\" alt=\"\" class=\"wp-image-161\" width=\"424\" height=\"90\" srcset=\"https:\/\/master-astrophysique.univ-lyon1.fr\/wp-content\/uploads\/2019\/02\/UCBL.png 565w, https:\/\/master-astrophysique.univ-lyon1.fr\/wp-content\/uploads\/2019\/02\/UCBL-300x64.png 300w\" sizes=\"auto, (max-width: 424px) 100vw, 424px\" \/><\/figure><\/div>\n","protected":false},"excerpt":{"rendered":"<p>Semestre 1 Le premier semestre de l&rsquo;ann\u00e9e de M1 est constitu\u00e9 d\u2019un tronc commun \u00e0 tous les parcours du master, et d\u2019une partie sp\u00e9cifique selon la pr\u00e9-orientation choisie (voie Physique Fondamentale ou Physique Appliqu\u00e9e). Il apporte les bases que tout \u00e9tudiant issu d&rsquo;un tel master doit poss\u00e9der. Le tronc commun (18 ECTS) comporte deux unit\u00e9s &hellip; <\/p>\n<p class=\"link-more\"><a href=\"https:\/\/master-astrophysique.univ-lyon1.fr\/index.php\/m1-a-lyon\/\" class=\"more-link\">Continuer la lecture<span class=\"screen-reader-text\"> de &laquo;&nbsp;M1 \u00e0 Lyon&nbsp;&raquo;<\/span><\/a><\/p>\n","protected":false},"author":1,"featured_media":0,"parent":0,"menu_order":0,"comment_status":"closed","ping_status":"open","template":"","meta":{"footnotes":""},"class_list":["post-2","page","type-page","status-publish","hentry"],"_links":{"self":[{"href":"https:\/\/master-astrophysique.univ-lyon1.fr\/index.php\/wp-json\/wp\/v2\/pages\/2","targetHints":{"allow":["GET"]}}],"collection":[{"href":"https:\/\/master-astrophysique.univ-lyon1.fr\/index.php\/wp-json\/wp\/v2\/pages"}],"about":[{"href":"https:\/\/master-astrophysique.univ-lyon1.fr\/index.php\/wp-json\/wp\/v2\/types\/page"}],"author":[{"embeddable":true,"href":"https:\/\/master-astrophysique.univ-lyon1.fr\/index.php\/wp-json\/wp\/v2\/users\/1"}],"replies":[{"embeddable":true,"href":"https:\/\/master-astrophysique.univ-lyon1.fr\/index.php\/wp-json\/wp\/v2\/comments?post=2"}],"version-history":[{"count":32,"href":"https:\/\/master-astrophysique.univ-lyon1.fr\/index.php\/wp-json\/wp\/v2\/pages\/2\/revisions"}],"predecessor-version":[{"id":710,"href":"https:\/\/master-astrophysique.univ-lyon1.fr\/index.php\/wp-json\/wp\/v2\/pages\/2\/revisions\/710"}],"wp:attachment":[{"href":"https:\/\/master-astrophysique.univ-lyon1.fr\/index.php\/wp-json\/wp\/v2\/media?parent=2"}],"curies":[{"name":"wp","href":"https:\/\/api.w.org\/{rel}","templated":true}]}}