{"id":188,"date":"2019-02-14T16:17:47","date_gmt":"2019-02-14T15:17:47","guid":{"rendered":"https:\/\/master-astrophysique.univ-lyon1.fr\/?page_id=188"},"modified":"2021-12-24T17:25:19","modified_gmt":"2021-12-24T16:25:19","slug":"formation-des-etoiles-et-des-systemes-planetaires","status":"publish","type":"page","link":"https:\/\/master-astrophysique.univ-lyon1.fr\/index.php\/formation-des-etoiles-et-des-systemes-planetaires\/","title":{"rendered":"Formation des \u00c9toiles et des Syst\u00e8mes Plan\u00e9taires"},"content":{"rendered":"\n<p>36h de cours, 6 ECTS<\/p>\n\n\n\n<p><strong>Responsable :<\/strong> <a href=\"mailto:jean-francois.gonzalez@ens-lyon.fr\">Jean-Fran\u00e7ois Gonzalez<\/a> (Universit\u00e9 Claude Bernard Lyon 1)<\/p>\n\n\n\n<p>Ce cours abordera les grandes lignes de la formation des \u00e9toiles et des syst\u00e8mes plan\u00e9taires en deux parties de dur\u00e9es \u00e9gales. La formation stellaire traitera de la stabilit\u00e9 des nuages en \u00e9quilibre, de l\u2019effondrement des c\u0153urs denses, des proto-\u00e9toiles et leur \u00e9volution, et de l\u2019impact des jeunes \u00e9toiles sur leur environnement. La formation plan\u00e9taire s\u2019appuiera sur les contraintes du syst\u00e8me solaire et les d\u00e9tections de plan\u00e8tes extrasolaires pour traiter la structure et l\u2019\u00e9volution des disques protoplan\u00e9taires, et la formation des plan\u00e8tes telluriques et des plan\u00e8tes g\u00e9antes.<\/p>\n\n\n\n<p><strong>Objectifs :<\/strong><\/p>\n\n\n\n<p>Ce cours apportera les connaissances th\u00e9oriques n\u00e9cessaires \u00e0 la compr\u00e9hension des processus de formation stellaire et plan\u00e9taire, en faisant \u00e0 chaque fois le lien avec les contraintes observationnelles et les simulations num\u00e9riques les plus r\u00e9centes. Il pr\u00e9parera les \u00e9tudiants \u00e0 un travail de recherche dans ce domaine utilisant des m\u00e9thodes vari\u00e9es.<\/p>\n\n\n\n<p><strong>Contenu :<\/strong><\/p>\n\n\n\n<ol class=\"wp-block-list\"><li>Introduction \u00e0 la formation stellaire<\/li><li>Nuages mol\u00e9culaires<\/li><li>Effondrement gravitationnel<\/li><li>Formation des disques protostellaires<\/li><li>\u00c9toiles de pr\u00e9-s\u00e9quence principale<\/li><li>Formation des \u00e9toiles massives<\/li><li>Cons\u00e9quences et sous-produits<\/li><li>Introduction \u00e0 la formation plan\u00e9taire<\/li><li>Structure des disques<\/li><li>\u00c9volution des disques<\/li><li>Observations des disques<\/li><li>Formation des plan\u00e9t\u00e9simaux<\/li><li>Formation des plan\u00e8tes telluriques<\/li><li>Formation des plan\u00e8tes g\u00e9antes<\/li><li>Syst\u00e8mes extrasolaires et nouvelle perspective sur la formation plan\u00e9taire<\/li><\/ol>\n","protected":false},"excerpt":{"rendered":"<p>36h de cours, 6 ECTS Responsable : Jean-Fran\u00e7ois Gonzalez (Universit\u00e9 Claude Bernard Lyon 1) Ce cours abordera les grandes lignes de la formation des \u00e9toiles et des syst\u00e8mes plan\u00e9taires en deux parties de dur\u00e9es \u00e9gales. La formation stellaire traitera de la stabilit\u00e9 des nuages en \u00e9quilibre, de l\u2019effondrement des c\u0153urs denses, des proto-\u00e9toiles et leur &hellip; <\/p>\n<p class=\"link-more\"><a href=\"https:\/\/master-astrophysique.univ-lyon1.fr\/index.php\/formation-des-etoiles-et-des-systemes-planetaires\/\" class=\"more-link\">Continuer la lecture<span class=\"screen-reader-text\"> de &laquo;&nbsp;Formation des \u00c9toiles et des Syst\u00e8mes Plan\u00e9taires&nbsp;&raquo;<\/span><\/a><\/p>\n","protected":false},"author":1,"featured_media":0,"parent":0,"menu_order":0,"comment_status":"closed","ping_status":"closed","template":"","meta":{"footnotes":""},"class_list":["post-188","page","type-page","status-publish","hentry"],"_links":{"self":[{"href":"https:\/\/master-astrophysique.univ-lyon1.fr\/index.php\/wp-json\/wp\/v2\/pages\/188","targetHints":{"allow":["GET"]}}],"collection":[{"href":"https:\/\/master-astrophysique.univ-lyon1.fr\/index.php\/wp-json\/wp\/v2\/pages"}],"about":[{"href":"https:\/\/master-astrophysique.univ-lyon1.fr\/index.php\/wp-json\/wp\/v2\/types\/page"}],"author":[{"embeddable":true,"href":"https:\/\/master-astrophysique.univ-lyon1.fr\/index.php\/wp-json\/wp\/v2\/users\/1"}],"replies":[{"embeddable":true,"href":"https:\/\/master-astrophysique.univ-lyon1.fr\/index.php\/wp-json\/wp\/v2\/comments?post=188"}],"version-history":[{"count":6,"href":"https:\/\/master-astrophysique.univ-lyon1.fr\/index.php\/wp-json\/wp\/v2\/pages\/188\/revisions"}],"predecessor-version":[{"id":634,"href":"https:\/\/master-astrophysique.univ-lyon1.fr\/index.php\/wp-json\/wp\/v2\/pages\/188\/revisions\/634"}],"wp:attachment":[{"href":"https:\/\/master-astrophysique.univ-lyon1.fr\/index.php\/wp-json\/wp\/v2\/media?parent=188"}],"curies":[{"name":"wp","href":"https:\/\/api.w.org\/{rel}","templated":true}]}}