{"id":185,"date":"2019-02-14T16:13:50","date_gmt":"2019-02-14T15:13:50","guid":{"rendered":"https:\/\/master-astrophysique.univ-lyon1.fr\/?page_id=185"},"modified":"2021-08-06T09:54:24","modified_gmt":"2021-08-06T07:54:24","slug":"formation-et-evolution-des-galaxies","status":"publish","type":"page","link":"https:\/\/master-astrophysique.univ-lyon1.fr\/index.php\/formation-et-evolution-des-galaxies\/","title":{"rendered":"Formation et \u00c9volution des Galaxies"},"content":{"rendered":"\n<p>36h de cours, 6 ECTS<\/p>\n\n\n\n<p><strong>Responsables :<\/strong> <a href=\"mailto:johan.richard@univ-lyon1.fr\">Johan Richard<\/a> et <a href=\"mailto:jeremy.blaizot@univ-lyon1.fr\">J\u00e9r\u00e9my Blaizot<\/a> (Universit\u00e9 Claude Bernard Lyon 1)<\/p>\n\n\n\n<p>Cette UE pose les bases de notre connaissance de la formation et de l\u2019\u00e9volution des galaxies, depuis les processus astrophysiques en jeu aux petites \u00e9chelles concernant la formation stellaire jusqu\u2019aux effets d\u2019environnement aux tr\u00e8s grandes \u00e9chelles. Une double approche sera utilis\u00e9e, avec d\u2019une part les aspects th\u00e9oriques et d\u2019autre part les aspects observationnels.<\/p>\n\n\n\n<p><strong>Objectifs :<\/strong><\/p>\n\n\n\n<p>Donner une formation sur le cadre th\u00e9orique et l\u2019interpr\u00e9tation des observations permettant de comprendre la formation et l\u2019\u00e9volution des galaxies d\u2019un point de vue astrophysique, ainsi que les enjeux actuels.<\/p>\n\n\n\n<p><strong>Contenu :<\/strong><\/p>\n\n\n\n<ul class=\"wp-block-list\"><li>Pr\u00e9requis de Cosmologie<\/li><li>Propri\u00e9t\u00e9s physiques des galaxies et de leur environnement<ul><li>formation stellaire<\/li><li>populations stellaires non r\u00e9solues (et lien avec \u00e9volution)<\/li><li>dynamique des galaxies<\/li><li>groupes et amas, grandes structures<\/li><\/ul><\/li><li>Techniques observationnelles<ul><li>grands relev\u00e9s, biais observationnels, sondages de galaxies<\/li><li>\u00e9tudes des galaxies dans diff\u00e9rents domaines spectraux (de l\u2019UV-visible au domaine radio)<\/li><li>propri\u00e9t\u00e9s spectroscopiques \/ techniques de spectroscopie (notamment spectroscopie r\u00e9solue)<\/li><\/ul><\/li><\/ul>\n","protected":false},"excerpt":{"rendered":"<p>36h de cours, 6 ECTS Responsables : Johan Richard et J\u00e9r\u00e9my Blaizot (Universit\u00e9 Claude Bernard Lyon 1) Cette UE pose les bases de notre connaissance de la formation et de l\u2019\u00e9volution des galaxies, depuis les processus astrophysiques en jeu aux petites \u00e9chelles concernant la formation stellaire jusqu\u2019aux effets d\u2019environnement aux tr\u00e8s grandes \u00e9chelles. Une double &hellip; <\/p>\n<p class=\"link-more\"><a href=\"https:\/\/master-astrophysique.univ-lyon1.fr\/index.php\/formation-et-evolution-des-galaxies\/\" class=\"more-link\">Continuer la lecture<span class=\"screen-reader-text\"> de &laquo;&nbsp;Formation et \u00c9volution des Galaxies&nbsp;&raquo;<\/span><\/a><\/p>\n","protected":false},"author":1,"featured_media":0,"parent":0,"menu_order":0,"comment_status":"closed","ping_status":"closed","template":"","meta":{"footnotes":""},"class_list":["post-185","page","type-page","status-publish","hentry"],"_links":{"self":[{"href":"https:\/\/master-astrophysique.univ-lyon1.fr\/index.php\/wp-json\/wp\/v2\/pages\/185","targetHints":{"allow":["GET"]}}],"collection":[{"href":"https:\/\/master-astrophysique.univ-lyon1.fr\/index.php\/wp-json\/wp\/v2\/pages"}],"about":[{"href":"https:\/\/master-astrophysique.univ-lyon1.fr\/index.php\/wp-json\/wp\/v2\/types\/page"}],"author":[{"embeddable":true,"href":"https:\/\/master-astrophysique.univ-lyon1.fr\/index.php\/wp-json\/wp\/v2\/users\/1"}],"replies":[{"embeddable":true,"href":"https:\/\/master-astrophysique.univ-lyon1.fr\/index.php\/wp-json\/wp\/v2\/comments?post=185"}],"version-history":[{"count":4,"href":"https:\/\/master-astrophysique.univ-lyon1.fr\/index.php\/wp-json\/wp\/v2\/pages\/185\/revisions"}],"predecessor-version":[{"id":506,"href":"https:\/\/master-astrophysique.univ-lyon1.fr\/index.php\/wp-json\/wp\/v2\/pages\/185\/revisions\/506"}],"wp:attachment":[{"href":"https:\/\/master-astrophysique.univ-lyon1.fr\/index.php\/wp-json\/wp\/v2\/media?parent=185"}],"curies":[{"name":"wp","href":"https:\/\/api.w.org\/{rel}","templated":true}]}}