{"id":182,"date":"2019-02-14T16:08:19","date_gmt":"2019-02-14T15:08:19","guid":{"rendered":"https:\/\/master-astrophysique.univ-lyon1.fr\/?page_id=182"},"modified":"2023-02-03T15:50:36","modified_gmt":"2023-02-03T14:50:36","slug":"cosmologie-observationnelle","status":"publish","type":"page","link":"https:\/\/master-astrophysique.univ-lyon1.fr\/index.php\/cosmologie-observationnelle\/","title":{"rendered":"Cosmologie observationnelle"},"content":{"rendered":"\n<p>18h de cours, 3 ECTS<\/p>\n\n\n\n<p><strong>Responsable :<\/strong> <a href=\"mailto:y.copin@ipnl.in2p3.fr\">Yannick Copin<\/a> (Universit\u00e9 Claude Bernard Lyon 1)<\/p>\n\n\n\n<p>L&rsquo;objectif est de pr\u00e9senter les diff\u00e9rentes observations et concepts th\u00e9oriques associ\u00e9s \u2013 appel\u00e9s sondes cosmologiques \u2013 ayant permis d&rsquo;accr\u00e9diter le mod\u00e8le cosmologique \u039bCDM dit \u00ab de concordance \u00bb. L&rsquo;UE est d\u00e9coup\u00e9e en chapitres de taille sensiblement \u00e9gale. Elle est compl\u00e9t\u00e9e par une s\u00e9rie de s\u00e9minaires pr\u00e9sent\u00e9s par les \u00e9tudiants (classe invers\u00e9e) et approfondissant des aspects plus observationnels et techniques (\u00e0 partir d&rsquo;une publication d&rsquo;une grande collaboration).<\/p>\n\n\n\n<p><strong>Objectifs :<\/strong><\/p>\n\n\n\n<p>Cette UE apportera les connaissances th\u00e9oriques et observationnelles de base permettant de comprendre les d\u00e9veloppements les plus r\u00e9cents de cosmologie observationnelle (les diff\u00e9rentes observables cosmologiques, formation et caract\u00e9risation des grandes structures, \u00e9l\u00e9ments de nucl\u00e9osynth\u00e8se primordiale, questions ouvertes, etc.) en lien avec les exp\u00e9riences en cours ou en d\u00e9veloppement.<\/p>\n\n\n\n<p><strong>Contenu :<\/strong><\/p>\n\n\n\n<ol class=\"wp-block-list\"><li>Friedmannologie<\/li><li>Grandes structures (aspects th\u00e9oriques)<\/li><li>Grandes structures (aspects observationnels)<\/li><li>Nucl\u00e9osynth\u00e8se primordiale<\/li><li>Cosmologie num\u00e9rique<\/li><li>Mod\u00e8le de concordance et au-del\u00e0<\/li><\/ol>\n","protected":false},"excerpt":{"rendered":"<p>18h de cours, 3 ECTS Responsable : Yannick Copin (Universit\u00e9 Claude Bernard Lyon 1) L&rsquo;objectif est de pr\u00e9senter les diff\u00e9rentes observations et concepts th\u00e9oriques associ\u00e9s \u2013 appel\u00e9s sondes cosmologiques \u2013 ayant permis d&rsquo;accr\u00e9diter le mod\u00e8le cosmologique \u039bCDM dit \u00ab de concordance \u00bb. L&rsquo;UE est d\u00e9coup\u00e9e en chapitres de taille sensiblement \u00e9gale. Elle est compl\u00e9t\u00e9e par &hellip; <\/p>\n<p class=\"link-more\"><a href=\"https:\/\/master-astrophysique.univ-lyon1.fr\/index.php\/cosmologie-observationnelle\/\" class=\"more-link\">Continuer la lecture<span class=\"screen-reader-text\"> de &laquo;&nbsp;Cosmologie observationnelle&nbsp;&raquo;<\/span><\/a><\/p>\n","protected":false},"author":1,"featured_media":0,"parent":0,"menu_order":0,"comment_status":"closed","ping_status":"closed","template":"","meta":{"footnotes":""},"class_list":["post-182","page","type-page","status-publish","hentry"],"_links":{"self":[{"href":"https:\/\/master-astrophysique.univ-lyon1.fr\/index.php\/wp-json\/wp\/v2\/pages\/182","targetHints":{"allow":["GET"]}}],"collection":[{"href":"https:\/\/master-astrophysique.univ-lyon1.fr\/index.php\/wp-json\/wp\/v2\/pages"}],"about":[{"href":"https:\/\/master-astrophysique.univ-lyon1.fr\/index.php\/wp-json\/wp\/v2\/types\/page"}],"author":[{"embeddable":true,"href":"https:\/\/master-astrophysique.univ-lyon1.fr\/index.php\/wp-json\/wp\/v2\/users\/1"}],"replies":[{"embeddable":true,"href":"https:\/\/master-astrophysique.univ-lyon1.fr\/index.php\/wp-json\/wp\/v2\/comments?post=182"}],"version-history":[{"count":4,"href":"https:\/\/master-astrophysique.univ-lyon1.fr\/index.php\/wp-json\/wp\/v2\/pages\/182\/revisions"}],"predecessor-version":[{"id":723,"href":"https:\/\/master-astrophysique.univ-lyon1.fr\/index.php\/wp-json\/wp\/v2\/pages\/182\/revisions\/723"}],"wp:attachment":[{"href":"https:\/\/master-astrophysique.univ-lyon1.fr\/index.php\/wp-json\/wp\/v2\/media?parent=182"}],"curies":[{"name":"wp","href":"https:\/\/api.w.org\/{rel}","templated":true}]}}